{"id":1836,"date":"2020-02-24T13:56:04","date_gmt":"2020-02-24T12:56:04","guid":{"rendered":"https:\/\/www.dpg-sachsen-anhalt.de\/?page_id=1836"},"modified":"2020-02-24T13:57:35","modified_gmt":"2020-02-24T12:57:35","slug":"europawoche-in-sachsen-anhalt","status":"publish","type":"page","link":"https:\/\/www.dpg-sachsen-anhalt.de\/?page_id=1836","title":{"rendered":"Europawoche in Sachsen &#8211; Anhalt"},"content":{"rendered":"\n<h4 class=\"wp-block-heading\">Zahlreiche Aktionen in unserer N\u00e4he, die zum Mitmachen und Mitdiskutieren rund um das Thema Europa einladen.<\/h4>\n\n\n\n<p> Erleben Sie, wie viel Europa sich tats\u00e4chlich in unserem Alltag verbirgt und erfahren Sie, wie Sie sich aktiv in die Gestaltung Europas einbringen k\u00f6nnen !!! <\/p>\n\n\n\n<p><strong>Archiv<\/strong> :\u00a0<a rel=\"noreferrer noopener\" target=\"_blank\" href=\"https:\/\/dpgsa.bplaced.net\/archiv\/dpgsa\/md_projekte\/md_europawoche\/md_europawoche_2011.html\">Europawoche 2011<\/a><br><strong>Archiv<\/strong>:\u00a0<a rel=\"noreferrer noopener\" target=\"_blank\" href=\"https:\/\/dpgsa.bplaced.net\/archiv\/dpgsa\/md_projekte\/md_europawoche\/md_europawoche_2010\/index.html\">Europawoche 2010<\/a><br><strong>Archiv<\/strong>:\u00a0<a rel=\"noreferrer noopener\" target=\"_blank\" href=\"https:\/\/dpgsa.bplaced.net\/archiv\/dpgsa\/md_projekte\/md_europawoche\/md_europawoche_2009\/index.html\">Europawoche 2009<\/a><\/p>\n","protected":false},"excerpt":{"rendered":"<p>Zahlreiche Aktionen in unserer N\u00e4he, die zum Mitmachen und Mitdiskutieren rund um das Thema Europa einladen. Erleben Sie, wie viel Europa sich tats\u00e4chlich in unserem Alltag verbirgt und erfahren Sie, wie Sie sich aktiv in die Gestaltung Europas einbringen k\u00f6nnen !!! Archiv :\u00a0Europawoche 2011Archiv:\u00a0Europawoche 2010Archiv:\u00a0Europawoche 2009<\/p>\n","protected":false},"author":1,"featured_media":0,"parent":72,"menu_order":0,"comment_status":"closed","ping_status":"closed","template":"","meta":{"footnotes":""},"class_list":["post-1836","page","type-page","status-publish","hentry"],"_links":{"self":[{"href":"https:\/\/www.dpg-sachsen-anhalt.de\/index.php?rest_route=\/wp\/v2\/pages\/1836","targetHints":{"allow":["GET"]}}],"collection":[{"href":"https:\/\/www.dpg-sachsen-anhalt.de\/index.php?rest_route=\/wp\/v2\/pages"}],"about":[{"href":"https:\/\/www.dpg-sachsen-anhalt.de\/index.php?rest_route=\/wp\/v2\/types\/page"}],"author":[{"embeddable":true,"href":"https:\/\/www.dpg-sachsen-anhalt.de\/index.php?rest_route=\/wp\/v2\/users\/1"}],"replies":[{"embeddable":true,"href":"https:\/\/www.dpg-sachsen-anhalt.de\/index.php?rest_route=%2Fwp%2Fv2%2Fcomments&post=1836"}],"version-history":[{"count":1,"href":"https:\/\/www.dpg-sachsen-anhalt.de\/index.php?rest_route=\/wp\/v2\/pages\/1836\/revisions"}],"predecessor-version":[{"id":1837,"href":"https:\/\/www.dpg-sachsen-anhalt.de\/index.php?rest_route=\/wp\/v2\/pages\/1836\/revisions\/1837"}],"up":[{"embeddable":true,"href":"https:\/\/www.dpg-sachsen-anhalt.de\/index.php?rest_route=\/wp\/v2\/pages\/72"}],"wp:attachment":[{"href":"https:\/\/www.dpg-sachsen-anhalt.de\/index.php?rest_route=%2Fwp%2Fv2%2Fmedia&parent=1836"}],"curies":[{"name":"wp","href":"https:\/\/api.w.org\/{rel}","templated":true}]}}