{"id":1845,"date":"2020-02-25T16:48:22","date_gmt":"2020-02-25T15:48:22","guid":{"rendered":"https:\/\/www.dpg-sachsen-anhalt.de\/?page_id=1845"},"modified":"2020-02-25T16:48:23","modified_gmt":"2020-02-25T15:48:23","slug":"polnischer-tag-dzien-polski","status":"publish","type":"page","link":"https:\/\/www.dpg-sachsen-anhalt.de\/?page_id=1845","title":{"rendered":"Polnischer Tag &#8211; Dzie\u0144 Polski"},"content":{"rendered":"\n<h4 class=\"wp-block-heading\">Das neue Projekt der DPG ist am 17. Januar 2014 erfolgreich gestartet&#8230;<\/h4>\n\n\n\n<p><br>Nach vielen Monaten Vorbereitungen haben wir am 17.1.14 die allerersten Sch\u00fcler und Sch\u00fclerinnen, die 1. und 2. Klasse aus der Grundschule \u201eEuropaschule Westerh\u00fcsen\u201c, zu unserem Projekt \u201eDzie\u0144 Polski\u201c \u2013 \u201eein Tag auf Polnisch f\u00fcr Sch\u00fcler\/innen in Sachsen\u2013Anhalt\u201c im einewelt haus in Magdeburg begr\u00fc\u00dft.<br><\/p>\n\n\n\n<p>Nach der Einf\u00fchrung in den Tag und der Begr\u00fc\u00dfung auf Polnisch: \u201eCze\u015b\u0107!\u201c, wurden die Kinder gleich auf eine Reise durch die polnische Kunst mitgenommen. Beim Puzzeln haben sie die wichtigsten Stile und Geb\u00e4ude kennengelernt, Gew\u00e4nder aus dem Mittelalter betrachtet sowie bei einer Auktion ber\u00fchmte Bilder polnischer Maler ersteigert.<br><\/p>\n\n\n\n<p>Sie haben eine Zeitreise in die Vergangenheit von Otto III. in Magdeburg und Boles\u0142aw Chrobry (dem Tapferen) in Gnesen \u00fcber das Mittelalter bis heute gemacht. Sie haben auf der Landkarte von Sachsen \u2013 Anhalt und Masowien Magdeburg, die Elbe sowie Warschau mit der Weichsel betrachtet und festgestellt, dass es viele geographische, Gemeinsamkeiten gibt!<br><\/p>\n\n\n\n<p>Nach der Verkostung polnischer S\u00fc\u00dfigkeiten haben die Kinder viel \u00fcber polnische Br\u00e4uche erfahren: z.B. was man mit einer Oblate am Heilig Abend macht, warum man am Ostermontag ganz nass werden kann oder was ein Namenstag ist. Danach haben sie zugeh\u00f6rt, wie Maria Kownacka, eine bekannte Kinderbuchautorin, ein Knetm\u00e4nnchen zum Leben erweckt hat und dann die Geschichte in eigenen Zeichnungen verarbeitet.<br><\/p>\n\n\n\n<p>Nach einer kleinen Pause konnten die Kinder uns Referenten zeigen, was sie gelernt haben \u2013 indem sie bei einem Quiz aus mehreren Antworten die Richtige w\u00e4hlen sollten: liegt Polen am Meer? Oder doch nicht? Hei\u00dft die Hauptstadt Warschau? Ist Masowien wirklich gr\u00f6\u00dfer als Sachsen \u2013 Anhalt?<br><\/p>\n\n\n\n<p>In einer gemeinsamen Auswertungsrunde konnten die Kinder dann erz\u00e4hlen, was ihnen am besten gefallen hat (\u201eMir hat alles gefallen\u201c, \u201eDas polnische Geld\u201c, \u201eDas Quiz\u201c). Sie haben sich sehr \u00fcber die kleinen Geschenke, die sie mitnehmen durften, gefreut.<br><\/p>\n\n\n\n<p>Eine Woche sp\u00e4ter, am 24.01.14, sind zwei weitere Klassen (die 3. und 4.) aus der gleichen Schule gekommen. Diese Kinder haben anspruchsvollere Aufgaben bekommen, sie haben z.B. polnische W\u00f6rter bei einem Memory \u2013 Spiel gelernt, geographische Fakten im Quiz gefestigt. W\u00e4hrend der Zeitreise in die Vergangenheit haben sie festgestellt, dass Polen mal sehr gro\u00df war, aber auch eine Zeit lang von der Landkarte verschwunden war&#8230;<br><\/p>\n\n\n\n<p>Am Ende der Veranstaltung sind einige Kinder auf uns zugekommen, um zu fragen, wie man auf Polnisch \u201eDanke sehr\u201c sagt. Wir finden das fantastisch! Ein besseres Lob kann man sich nicht w\u00fcnschen!!!<br><\/p>\n\n\n\n<p>Wir bedanken uns recht herzlich f\u00fcr die tolle Veranstaltung!<br><\/p>\n\n\n\n<p>Hier k\u00f6nnen Sie die&nbsp;<a target=\"_blank\" href=\"https:\/\/picasaweb.google.com\/111585898042411034789\/DzienPolskiEinTagAufPolnischFurSchulerInnenInSachsenAnhalt\" rel=\"noreferrer noopener\">Fotos<\/a>&nbsp;von der Veranstaltung anschauen.<\/p>\n","protected":false},"excerpt":{"rendered":"<p>Das neue Projekt der DPG ist am 17. Januar 2014 erfolgreich gestartet&#8230; Nach vielen Monaten Vorbereitungen haben wir am 17.1.14 die allerersten Sch\u00fcler und Sch\u00fclerinnen, die 1. und 2. Klasse aus der Grundschule \u201eEuropaschule Westerh\u00fcsen\u201c, zu unserem Projekt \u201eDzie\u0144 Polski\u201c \u2013 \u201eein Tag auf Polnisch f\u00fcr Sch\u00fcler\/innen in Sachsen\u2013Anhalt\u201c im einewelt haus in Magdeburg begr\u00fc\u00dft. &hellip; <\/p>\n<p class=\"link-more\"><a href=\"https:\/\/www.dpg-sachsen-anhalt.de\/?page_id=1845\" class=\"more-link\"><span class=\"screen-reader-text\">\u201ePolnischer Tag &#8211; Dzie\u0144 Polski\u201c<\/span> weiterlesen<\/a><\/p>\n","protected":false},"author":1,"featured_media":0,"parent":0,"menu_order":0,"comment_status":"closed","ping_status":"closed","template":"","meta":{"footnotes":""},"class_list":["post-1845","page","type-page","status-publish","hentry"],"_links":{"self":[{"href":"https:\/\/www.dpg-sachsen-anhalt.de\/index.php?rest_route=\/wp\/v2\/pages\/1845","targetHints":{"allow":["GET"]}}],"collection":[{"href":"https:\/\/www.dpg-sachsen-anhalt.de\/index.php?rest_route=\/wp\/v2\/pages"}],"about":[{"href":"https:\/\/www.dpg-sachsen-anhalt.de\/index.php?rest_route=\/wp\/v2\/types\/page"}],"author":[{"embeddable":true,"href":"https:\/\/www.dpg-sachsen-anhalt.de\/index.php?rest_route=\/wp\/v2\/users\/1"}],"replies":[{"embeddable":true,"href":"https:\/\/www.dpg-sachsen-anhalt.de\/index.php?rest_route=%2Fwp%2Fv2%2Fcomments&post=1845"}],"version-history":[{"count":1,"href":"https:\/\/www.dpg-sachsen-anhalt.de\/index.php?rest_route=\/wp\/v2\/pages\/1845\/revisions"}],"predecessor-version":[{"id":1846,"href":"https:\/\/www.dpg-sachsen-anhalt.de\/index.php?rest_route=\/wp\/v2\/pages\/1845\/revisions\/1846"}],"wp:attachment":[{"href":"https:\/\/www.dpg-sachsen-anhalt.de\/index.php?rest_route=%2Fwp%2Fv2%2Fmedia&parent=1845"}],"curies":[{"name":"wp","href":"https:\/\/api.w.org\/{rel}","templated":true}]}}