{"id":1849,"date":"2020-02-28T12:06:13","date_gmt":"2020-02-28T11:06:13","guid":{"rendered":"https:\/\/www.dpg-sachsen-anhalt.de\/?page_id=1849"},"modified":"2020-02-28T12:22:26","modified_gmt":"2020-02-28T11:22:26","slug":"kultura-polska","status":"publish","type":"page","link":"https:\/\/www.dpg-sachsen-anhalt.de\/?page_id=1849","title":{"rendered":"Kultura Polska"},"content":{"rendered":"\n<h1 class=\"wp-block-heading\">Kultura Polska<\/h1>\n\n\n\n<h4 class=\"wp-block-heading\">Polnische Kulturtage in Magdeburg!!!<\/h4>\n\n\n\n<p><strong>Deutsch- Polnische Gesellschaft Sachsen \u2013 Anhalt e. V.<\/strong>&nbsp;l\u00e4dt zu den&nbsp;<strong>Polnischen Kulturtagen \u201eKultura Polska\u201c<\/strong>&nbsp;ein.<br>Die Polnischen Kulturtage bieten Musik in verschiedenen Stilen, Kunst und Literatur, Geschichte und aktuelle Information \u00fcber das Nachbarland Polen.<br>Das vielf\u00e4ltige Angebot reicht f\u00fcr alle Neugierigen in verschiedenen Altersstufen.<br><\/p>\n\n\n\n<p><a rel=\"noreferrer noopener\" target=\"_blank\" href=\"https:\/\/dpgsa.bplaced.net\/archiv\/dpgsa\/md_projekte\/md_kultura_polska_2014\/md_programm_kultura_polska_2014\/index.html\">Programm Kultura Polska 2015<\/a><br><a rel=\"noreferrer noopener\" target=\"_blank\" href=\"https:\/\/dpgsa.bplaced.net\/archiv\/dpgsa\/md_projekte\/md_kultura_polska_2014\/md_programm_kultura_polska_2014\/index.html\">Programm Kultura Polska 2014<\/a> <br><a rel=\"noreferrer noopener\" target=\"_blank\" href=\"https:\/\/dpgsa.bplaced.net\/archiv\/dpgsa\/md_projekte\/md_kultura_polska_2013gut\/md_kulturtage_programm_2013\/index.html\">Programm Kultura Polska 2013<\/a><br><a rel=\"noreferrer noopener\" target=\"_blank\" href=\"https:\/\/dpgsa.bplaced.net\/archiv\/dpgsa\/md_projekte\/md_kultura_polska\/md_programm_im_ueberblick\/index.html\">Programm Kultura Polska 2012<\/a><br><\/p>\n\n\n\n<p><strong>Niemiecko \u2013 Polskie Towarzystwo Saksonii \u2013 Anhalt e. V.<\/strong>&nbsp;zaprasza do udzia\u019au w&nbsp;<strong>\u201eDniach Kultury, Tradycji i J\u0119zyka Polskiego\u201d<\/strong>.<br>Projekcje film\u00f3w, wieczory literackie, wystawy, warsztaty dla dzieci, wyk\u0142ady, spotkania informacyjne i koncerty przybli\u017caj\u0105 dziedzictwo kulturowe Polskioraz bogaty dorobek kulturalny narodu polskiego.<br>Zainteresowani mog\u0105 liczy\u0107 na wyj\u0105tkowo bogaty i adresowany do odbiorc\u00f3w w ka\u017cdym wieku program, w kt\u00f3rym ka\u017cdy znajdzie co\u015b dla siebie.<br><\/p>\n\n\n\n<p><a rel=\"noreferrer noopener\" target=\"_blank\" href=\"http:\/\/www2.dpg-bundesverband.de\/uploads\/programm_po_polsku_25.04.2014.pdf\">Program Kultura Polska 2014<\/a><br><a rel=\"noreferrer noopener\" target=\"_blank\" href=\"https:\/\/dpgsa.bplaced.net\/archiv\/dpgsa\/md_projekte\/md_kultura_polska_2013gut\/md_kulturtage_programm_2013\/index.html\">Program Kultura Polska 2013<\/a><br><a rel=\"noreferrer noopener\" target=\"_blank\" href=\"https:\/\/dpgsa.bplaced.net\/archiv\/dpgsa\/md_projekte\/md_kultura_polska\/md_kultura_polska_po_polsku\/index.html\">Program Kultura Polska 2012<\/a><\/p>\n","protected":false},"excerpt":{"rendered":"<p>Kultura Polska Polnische Kulturtage in Magdeburg!!! Deutsch- Polnische Gesellschaft Sachsen \u2013 Anhalt e. V.&nbsp;l\u00e4dt zu den&nbsp;Polnischen Kulturtagen \u201eKultura Polska\u201c&nbsp;ein.Die Polnischen Kulturtage bieten Musik in verschiedenen Stilen, Kunst und Literatur, Geschichte und aktuelle Information \u00fcber das Nachbarland Polen.Das vielf\u00e4ltige Angebot reicht f\u00fcr alle Neugierigen in verschiedenen Altersstufen. Programm Kultura Polska 2015Programm Kultura Polska 2014 Programm Kultura &hellip; <\/p>\n<p class=\"link-more\"><a href=\"https:\/\/www.dpg-sachsen-anhalt.de\/?page_id=1849\" class=\"more-link\"><span class=\"screen-reader-text\">\u201eKultura Polska\u201c<\/span> weiterlesen<\/a><\/p>\n","protected":false},"author":1,"featured_media":0,"parent":0,"menu_order":0,"comment_status":"closed","ping_status":"closed","template":"","meta":{"footnotes":""},"class_list":["post-1849","page","type-page","status-publish","hentry"],"_links":{"self":[{"href":"https:\/\/www.dpg-sachsen-anhalt.de\/index.php?rest_route=\/wp\/v2\/pages\/1849","targetHints":{"allow":["GET"]}}],"collection":[{"href":"https:\/\/www.dpg-sachsen-anhalt.de\/index.php?rest_route=\/wp\/v2\/pages"}],"about":[{"href":"https:\/\/www.dpg-sachsen-anhalt.de\/index.php?rest_route=\/wp\/v2\/types\/page"}],"author":[{"embeddable":true,"href":"https:\/\/www.dpg-sachsen-anhalt.de\/index.php?rest_route=\/wp\/v2\/users\/1"}],"replies":[{"embeddable":true,"href":"https:\/\/www.dpg-sachsen-anhalt.de\/index.php?rest_route=%2Fwp%2Fv2%2Fcomments&post=1849"}],"version-history":[{"count":2,"href":"https:\/\/www.dpg-sachsen-anhalt.de\/index.php?rest_route=\/wp\/v2\/pages\/1849\/revisions"}],"predecessor-version":[{"id":1854,"href":"https:\/\/www.dpg-sachsen-anhalt.de\/index.php?rest_route=\/wp\/v2\/pages\/1849\/revisions\/1854"}],"wp:attachment":[{"href":"https:\/\/www.dpg-sachsen-anhalt.de\/index.php?rest_route=%2Fwp%2Fv2%2Fmedia&parent=1849"}],"curies":[{"name":"wp","href":"https:\/\/api.w.org\/{rel}","templated":true}]}}