{"id":193,"date":"2018-11-30T00:00:00","date_gmt":"2018-11-29T23:00:00","guid":{"rendered":"http:\/\/dpgsa.bplaced.net\/Wordpress\/wordpress\/?page_id=193"},"modified":"2019-04-15T12:31:40","modified_gmt":"2019-04-15T10:31:40","slug":"po-polsku","status":"publish","type":"page","link":"https:\/\/www.dpg-sachsen-anhalt.de\/?page_id=193&lang=pl","title":{"rendered":"Po Polsku"},"content":{"rendered":"<h1>Witamy<\/h1>\n<div style=\"width: 485px;\" class=\"AWimagebox AWimageright AWimagemarginleft  AWimageboxOverride\"><img loading=\"lazy\" decoding=\"async\" width=\"485\" height=\"143\" alt=\"Witamy\" src=\"http:\/\/dpgsa.bplaced.net\/Wordpress\/wordpress\/wp-content\/uploads\/uploads_alt\/pic_2423872_full.jpg\" class=\"AWimage AWimageOverride\" \/><\/div>\n<p>Niemiecko-Polskie Towarzystwo Saksonii-Anhalt jest stowarzyszeniem u\u017cyteczno\u015bci publicznej, kt\u00f3re dzia\u0142a na rzecz lepszego porozumienia miedzy Niemcami, a Polsk\u0105 oraz poszerzaniu wiedzy w Saksonii-Anhalt na temat Polski jako kraju s\u0105siedniego.<br \/>\nNasze stowarzyszenie dzia\u0142a na rzecz krzewienia kultury i tradycji polskich, propagowania dobrego wizerunku Polski w Niemczech oraz nauki j\u0119zyka polskiego w Saksonii \u2013 Anhalt.<br \/>\nPonadto stanowimy <b>punkt kontaktowy<\/b> dla wszystkich Polak\u00f3w \u017cyj\u0105cych w Saksonii &#8211; Anhalt i s\u0142u\u017cymy pomoc\u0105 we wszelkich kwestiach dotycz\u0105cych \u017cycia codziennego i kulturowego w naszym regionie.<\/p>\n<p>-&gt; <a href=\"http:\/\/dpgsa.bplaced.net\/Wordpress\/wordpress\/?page_id=321\">Info dla Polak\u00f3w<\/a><\/p>\n","protected":false},"excerpt":{"rendered":"<p>Witamy Niemiecko-Polskie Towarzystwo Saksonii-Anhalt jest stowarzyszeniem u\u017cyteczno\u015bci publicznej, kt\u00f3re dzia\u0142a na rzecz lepszego porozumienia miedzy Niemcami, a Polsk\u0105 oraz poszerzaniu wiedzy w Saksonii-Anhalt na temat Polski jako kraju s\u0105siedniego. Nasze stowarzyszenie dzia\u0142a na rzecz krzewienia kultury i tradycji polskich, propagowania dobrego wizerunku Polski w Niemczech oraz nauki j\u0119zyka polskiego w Saksonii \u2013 Anhalt. Ponadto stanowimy &hellip; <\/p>\n<p class=\"link-more\"><a href=\"https:\/\/www.dpg-sachsen-anhalt.de\/?page_id=193&#038;lang=pl\" class=\"more-link\"><span class=\"screen-reader-text\">\u201ePo Polsku\u201c<\/span> weiterlesen<\/a><\/p>\n","protected":false},"author":1,"featured_media":0,"parent":0,"menu_order":0,"comment_status":"closed","ping_status":"closed","template":"","meta":{"footnotes":""},"class_list":["post-193","page","type-page","status-publish","hentry"],"_links":{"self":[{"href":"https:\/\/www.dpg-sachsen-anhalt.de\/index.php?rest_route=\/wp\/v2\/pages\/193","targetHints":{"allow":["GET"]}}],"collection":[{"href":"https:\/\/www.dpg-sachsen-anhalt.de\/index.php?rest_route=\/wp\/v2\/pages"}],"about":[{"href":"https:\/\/www.dpg-sachsen-anhalt.de\/index.php?rest_route=\/wp\/v2\/types\/page"}],"author":[{"embeddable":true,"href":"https:\/\/www.dpg-sachsen-anhalt.de\/index.php?rest_route=\/wp\/v2\/users\/1"}],"replies":[{"embeddable":true,"href":"https:\/\/www.dpg-sachsen-anhalt.de\/index.php?rest_route=%2Fwp%2Fv2%2Fcomments&post=193"}],"version-history":[{"count":4,"href":"https:\/\/www.dpg-sachsen-anhalt.de\/index.php?rest_route=\/wp\/v2\/pages\/193\/revisions"}],"predecessor-version":[{"id":336,"href":"https:\/\/www.dpg-sachsen-anhalt.de\/index.php?rest_route=\/wp\/v2\/pages\/193\/revisions\/336"}],"wp:attachment":[{"href":"https:\/\/www.dpg-sachsen-anhalt.de\/index.php?rest_route=%2Fwp%2Fv2%2Fmedia&parent=193"}],"curies":[{"name":"wp","href":"https:\/\/api.w.org\/{rel}","templated":true}]}}