{"id":266,"date":"2019-04-09T13:48:55","date_gmt":"2019-04-09T11:48:55","guid":{"rendered":"http:\/\/dpgsa.bplaced.net\/Wordpress\/wordpress\/?page_id=266"},"modified":"2022-11-11T11:07:07","modified_gmt":"2022-11-11T10:07:07","slug":"hestia-front","status":"publish","type":"page","link":"https:\/\/www.dpg-sachsen-anhalt.de\/","title":{"rendered":"Willkommen"},"content":{"rendered":"\n<div class=\"wp-block-image\"><figure class=\"aligncenter\"><img decoding=\"async\" src=\"http:\/\/dpgsa.bplaced.net\/Wordpress\/wordpress\/wp-content\/uploads\/uploads_alt\/pic_791908_full.jpg\" alt=\"Willkommen\"\/><\/figure><\/div>\n\n\n\n<p>Die Deutsch-Polnische Gesellschaft Sachsen-Anhalt e.V. ist ein gemeinn\u00fctziger Verein, der sich aktiv f\u00fcr eine bessere Verst\u00e4ndigung zwischen Deutschen und Polen und f\u00fcr mehr Kenntnisse \u00fcber das Nachbarland Polen in Sachsen-Anhalt engagiert.<\/p>\n\n\n\n<p>In unserer Arbeit versuchen wir durch verschiedene Aktivit\u00e4ten das Wissen \u00fcber das Land Polen , seine Traditionen, Kultur und Sprache zu vermitteln.<\/p>\n\n\n\n<p>Au\u00dferdem sind wir eine Informationskontaktstelle f\u00fcr polnische B\u00fcrger in Sachsen \u2013 Anhalt. Sie dient als Anlauf- und Informationsstelle und bietet Unterst\u00fctzung in allen Fragen des t\u00e4glichen Lebens f\u00fcr \u201eNeub\u00fcrger\u201c aus Polen in Sachsen \u2013 Anhalt.<\/p>\n\n\n\n<p class=\"has-vivid-red-color has-text-color\">\u00dcber aktuelle Entwicklung informieren wir Sie \u00fcber unseren Facebook-Account:\u00a0<a rel=\"noreferrer noopener\" href=\"https:\/\/www.facebook.com\/DPG.SA\/\" target=\"_blank\">https:\/\/www.facebook.com\/DPG.SA\/<\/a><\/p>\n\n\n\n<h2 class=\"wp-block-heading\">Witamy<\/h2>\n\n\n\n<p>Niemiecko-Polskie Towarzystwo Saksonii-Anhalt jest stowarzyszeniem u\u017cyteczno\u015bci publicznej, kt\u00f3re dzia\u0142a na rzecz lepszego porozumienia miedzy Niemcami, a Polsk\u0105 oraz poszerzaniu wiedzy w Saksonii-Anhalt na temat Polski jako kraju s\u0105siedniego.<\/p>\n\n\n\n<p>Nasze stowarzyszenie dzia\u0142a na rzecz krzewienia kultury i tradycji polskich, propagowania dobrego wizerunku Polski w Niemczech oraz nauki j\u0119zyka polskiego w Saksonii \u2013 Anhalt.<\/p>\n\n\n\n<p>Jeste\u015bmy r\u00f3wnie\u017c punktem informacyjnym dla Polak\u00f3w w Saksonii &#8211; Anhalt. S\u0142u\u017cymy jako punkt kontaktowy i informacyjny oraz oferujemy wsparcie przy wielu zagadnieniach z \u017cycia codziennego dla &#8222;nowych obywateli&#8220; Saksonii &#8211; Anhalt z Polski.\u00a0<\/p>\n\n\n\n<p class=\"has-vivid-red-color has-text-color\">Aktualne informacje znajd\u0105 Pa\u0144stwo na naszej stronie Facebook&nbsp;<a href=\"https:\/\/www.facebook.com\/DPG.SA\/\" target=\"_blank\" rel=\"noreferrer noopener\">https:\/\/www.facebook.com\/DPG.SA\/<\/a><\/p>\n\n\n\n<p><\/p>\n","protected":false},"excerpt":{"rendered":"<p>Die Deutsch-Polnische Gesellschaft Sachsen-Anhalt e.V. ist ein gemeinn\u00fctziger Verein, der sich aktiv f\u00fcr eine bessere Verst\u00e4ndigung zwischen Deutschen und Polen und f\u00fcr mehr Kenntnisse \u00fcber das Nachbarland Polen in Sachsen-Anhalt engagiert. In unserer Arbeit versuchen wir durch verschiedene Aktivit\u00e4ten das Wissen \u00fcber das Land Polen , seine Traditionen, Kultur und Sprache zu vermitteln. Au\u00dferdem sind &hellip; <\/p>\n<p class=\"link-more\"><a href=\"https:\/\/www.dpg-sachsen-anhalt.de\/\" class=\"more-link\"><span class=\"screen-reader-text\">\u201eWillkommen\u201c<\/span> weiterlesen<\/a><\/p>\n","protected":false},"author":1,"featured_media":184,"parent":0,"menu_order":0,"comment_status":"closed","ping_status":"closed","template":"","meta":{"footnotes":""},"class_list":["post-266","page","type-page","status-publish","has-post-thumbnail","hentry"],"_links":{"self":[{"href":"https:\/\/www.dpg-sachsen-anhalt.de\/index.php?rest_route=\/wp\/v2\/pages\/266","targetHints":{"allow":["GET"]}}],"collection":[{"href":"https:\/\/www.dpg-sachsen-anhalt.de\/index.php?rest_route=\/wp\/v2\/pages"}],"about":[{"href":"https:\/\/www.dpg-sachsen-anhalt.de\/index.php?rest_route=\/wp\/v2\/types\/page"}],"author":[{"embeddable":true,"href":"https:\/\/www.dpg-sachsen-anhalt.de\/index.php?rest_route=\/wp\/v2\/users\/1"}],"replies":[{"embeddable":true,"href":"https:\/\/www.dpg-sachsen-anhalt.de\/index.php?rest_route=%2Fwp%2Fv2%2Fcomments&post=266"}],"version-history":[{"count":7,"href":"https:\/\/www.dpg-sachsen-anhalt.de\/index.php?rest_route=\/wp\/v2\/pages\/266\/revisions"}],"predecessor-version":[{"id":2261,"href":"https:\/\/www.dpg-sachsen-anhalt.de\/index.php?rest_route=\/wp\/v2\/pages\/266\/revisions\/2261"}],"wp:featuredmedia":[{"embeddable":true,"href":"https:\/\/www.dpg-sachsen-anhalt.de\/index.php?rest_route=\/wp\/v2\/media\/184"}],"wp:attachment":[{"href":"https:\/\/www.dpg-sachsen-anhalt.de\/index.php?rest_route=%2Fwp%2Fv2%2Fmedia&parent=266"}],"curies":[{"name":"wp","href":"https:\/\/api.w.org\/{rel}","templated":true}]}}