{"id":309,"date":"2019-04-10T14:49:46","date_gmt":"2019-04-10T12:49:46","guid":{"rendered":"http:\/\/dpgsa.bplaced.net\/Wordpress\/wordpress\/?page_id=309"},"modified":"2019-04-15T12:31:40","modified_gmt":"2019-04-15T10:31:40","slug":"stowarzyszenie","status":"publish","type":"page","link":"https:\/\/www.dpg-sachsen-anhalt.de\/?page_id=309&lang=pl","title":{"rendered":"Stowarzyszenie"},"content":{"rendered":"\n<h2 class=\"wp-block-heading\">Stowarzyszenie<\/h2>\n\n\n\n<h3 class=\"wp-block-heading\">Kim jeste\u015bmy?<\/h3>\n\n\n\n<p>Niemiecko-Polskie Stowarzyszenie Sachsen Anhalt zosta\u0142o za\u0142o\u017cone w lutym 1998 roku. Zrzeszamy przedstawicieli nauki, gospodarki, o\u015bwiaty, kultury, cz\u0142onk\u00f3w Landtagu i poza-rz\u0105dowych organizacji. Jeste\u015bmy partnerem doradczym dla instytucji, uczelni wy\u017cszych oraz firm, znajduj\u0105cych si\u0119 w obr\u0119bie Sachsen-Anhalt, odno\u015bnie pyta\u0144 zwi\u0105zanych z polskimi rozporz\u0105dzeniami. Organizujemy r\u00f3\u017cnego rodzaju imprezy, wyk\u0142ady, wyjazdy jak r\u00f3wnie\u017c konferencje naukowe oraz seminaria, kt\u00f3re przyczyniaj\u0105 si\u0119 lepszemu porozumieniu mi\u0119dzy Polsk\u0105, a Niemcami oraz pog\u0142\u0119bieniu wiedzy o Polsce jako kraju s\u0105siedniego, w Sachsen Anhalt.<\/p>\n\n\n\n<h3 class=\"wp-block-heading\">Czym si\u0119 zajmujemy?<\/h3>\n\n\n\n<p>Punkt ci\u0119\u017cko\u015bci pracy intelektualnej naszego stowarzyszenia po\u0142o\u017cony jest na spotkania os\u00f3b z Polski i Niemiec. Wsp\u00f3lne dyskusje na temat podobie\u0144stw i r\u00f3\u017cnic kulturowych przyczyniaj\u0105 si\u0119 do lepszego, wzajemnego zrozumienia. Naszym celem jest zach\u0119ci\u0107 , przede wszystkim m\u0142odzie\u017c, aby normy i warto\u015bci w\u0142asnego spo\u0142ecze\u0144stwa obserwowa\u0142a przez pryzmat innej kultury. Wa\u017cn\u0105 rol\u0119 odgrywaj\u0105 osobiste spotkania, przy kt\u00f3rych prowadzi si\u0119 rozmowy na temat polsko-niemieckiej historii i kultury, niweluje uprzedzenia oraz pobudza si\u0119 zainteresowanie Polsk\u0105.<br>\nOferuj\u0105c r\u00f3\u017cnorodn\u0105 ofert\u0119 imprez chcemy dotrze\u0107 do szerokiej publiczno\u015bci. Poza tym , poprzez nasz udzia\u0142 w kongresach, konferencjach, seminariach i innych wydarzeniach w obu krajach przyczyniamy si\u0119 do powstawania i rozwoju trwa\u0142ych relacji miedzy Sachsen-Anhalt, a Polsk\u0105.<\/p>\n\n\n\n<h3 class=\"wp-block-heading\">Czego chcemy?<\/h3>\n\n\n\n<ul class=\"wp-block-list\"><li>kszta\u0142towa\u0107 i rozszerza\u0107 relacje Rzeczpospolitej Polski na szczeblu landu i jego stolicy.<\/li><li> pobudza\u0107 i przy\u015bpiesza\u0107 dialog mi\u0119dzy Niemcami, a Polsk\u0105.<\/li><li> budzi\u0107 zainteresowanie Polsk\u0105 jako naszym s\u0105siadem.<\/li><li> opracowywa\u0107, przedstawia\u0107 oraz prowadzi\u0107 dyskusje nad kulturalnymi, socjalnymi oraz politycznymi aspektami niemiecko-polskiej przesz\u0142o\u015bci i tera\u017aniejszo\u015bci w mediach filmie, fotografii, literaturze, teatrze, muzyce, oraz sztuce.<\/li><li> wspomaga\u0107 szkolne i m\u0142odzie\u017cowe wymiany mi\u0119dzy Polsk\u0105, a Niemcami.<\/li><\/ul>\n\n\n\n<h2 class=\"wp-block-heading\">Czego potrzebujemy?<\/h2>\n\n\n\n<p>Przy naszej pracy nowe idee i dodatkowa ch\u0119\u0107 zaanga\u017cowania si\u0119 s\u0105 niezb\u0119dne. Pa\u0144stwa pomys\u0142y oraz propozycje, kt\u00f3re pragniecie zrealizowa\u0107, mieszcz\u0105ce si\u0119 w zakresie naszej dzia\u0142alno\u015bci, s\u0105 zawsze mile widziane. Cieszy nas ka\u017cdy odd\u017awi\u0119k z Pa\u0144stwa strony na nasze uroczysto\u015bci, przy realizacji kt\u00f3rych jeste\u015bmy otwarci na wsparcie i pomoc.<\/p>\n\n\n\n<p><\/p>\n","protected":false},"excerpt":{"rendered":"<p>Stowarzyszenie Kim jeste\u015bmy? Niemiecko-Polskie Stowarzyszenie Sachsen Anhalt zosta\u0142o za\u0142o\u017cone w lutym 1998 roku. Zrzeszamy przedstawicieli nauki, gospodarki, o\u015bwiaty, kultury, cz\u0142onk\u00f3w Landtagu i poza-rz\u0105dowych organizacji. Jeste\u015bmy partnerem doradczym dla instytucji, uczelni wy\u017cszych oraz firm, znajduj\u0105cych si\u0119 w obr\u0119bie Sachsen-Anhalt, odno\u015bnie pyta\u0144 zwi\u0105zanych z polskimi rozporz\u0105dzeniami. Organizujemy r\u00f3\u017cnego rodzaju imprezy, wyk\u0142ady, wyjazdy jak r\u00f3wnie\u017c konferencje naukowe oraz &hellip; <\/p>\n<p class=\"link-more\"><a href=\"https:\/\/www.dpg-sachsen-anhalt.de\/?page_id=309&#038;lang=pl\" class=\"more-link\"><span class=\"screen-reader-text\">\u201eStowarzyszenie\u201c<\/span> weiterlesen<\/a><\/p>\n","protected":false},"author":1,"featured_media":0,"parent":193,"menu_order":0,"comment_status":"closed","ping_status":"closed","template":"","meta":{"footnotes":""},"class_list":["post-309","page","type-page","status-publish","hentry"],"_links":{"self":[{"href":"https:\/\/www.dpg-sachsen-anhalt.de\/index.php?rest_route=\/wp\/v2\/pages\/309","targetHints":{"allow":["GET"]}}],"collection":[{"href":"https:\/\/www.dpg-sachsen-anhalt.de\/index.php?rest_route=\/wp\/v2\/pages"}],"about":[{"href":"https:\/\/www.dpg-sachsen-anhalt.de\/index.php?rest_route=\/wp\/v2\/types\/page"}],"author":[{"embeddable":true,"href":"https:\/\/www.dpg-sachsen-anhalt.de\/index.php?rest_route=\/wp\/v2\/users\/1"}],"replies":[{"embeddable":true,"href":"https:\/\/www.dpg-sachsen-anhalt.de\/index.php?rest_route=%2Fwp%2Fv2%2Fcomments&post=309"}],"version-history":[{"count":1,"href":"https:\/\/www.dpg-sachsen-anhalt.de\/index.php?rest_route=\/wp\/v2\/pages\/309\/revisions"}],"predecessor-version":[{"id":310,"href":"https:\/\/www.dpg-sachsen-anhalt.de\/index.php?rest_route=\/wp\/v2\/pages\/309\/revisions\/310"}],"up":[{"embeddable":true,"href":"https:\/\/www.dpg-sachsen-anhalt.de\/index.php?rest_route=\/wp\/v2\/pages\/193"}],"wp:attachment":[{"href":"https:\/\/www.dpg-sachsen-anhalt.de\/index.php?rest_route=%2Fwp%2Fv2%2Fmedia&parent=309"}],"curies":[{"name":"wp","href":"https:\/\/api.w.org\/{rel}","templated":true}]}}