{"id":313,"date":"2019-04-10T15:14:54","date_gmt":"2019-04-10T13:14:54","guid":{"rendered":"http:\/\/dpgsa.bplaced.net\/Wordpress\/wordpress\/?page_id=313"},"modified":"2019-04-15T12:31:40","modified_gmt":"2019-04-15T10:31:40","slug":"zarzad","status":"publish","type":"page","link":"https:\/\/www.dpg-sachsen-anhalt.de\/?page_id=313&lang=pl","title":{"rendered":"Zarz\u0105d"},"content":{"rendered":"<h2>Cz\u0142onkowie zarz\u0105du<\/h2>\n<p style=\"font-size: 14px;\">Krzysztof Blau, 1. Przewodnicz\u0105cy<\/p>\n<p style=\"font-size: 14px;\">+49 (0) 391 5371 353<\/p>\n<p style=\"font-size: 14px;\">mail@dpg-sachsen-anhalt.de<\/p>\n<p style=\"font-size: 14px;\">Miroslawa T\u00e4nzer, Skarbnik<\/p>\n<p style=\"font-size: 14px;\">+49 (0) 391 5371 353<\/p>\n<p style=\"font-size: 14px;\">mail@dpg-sachsen-anhalt.de<\/p>\n<p style=\"font-size: 14px;\">Wili M\u00fcller, Cz\u0142onek Stowarzyszenia\u00a0<\/p>\n<p style=\"font-size: 14px;\">+49 (0) 391 5371 353<\/p>\n<p style=\"font-size: 14px;\">mail@dpg-sachsen-anhalt.de<\/p>\n<p style=\"font-size: 14px;\">Veronika Hantschmann, Cz\u0142onek Stowarzyszenia\u00a0<\/p>\n<p style=\"font-size: 14px;\">+49 (0) 391 25 22 758<\/p>\n<p style=\"font-size: 14px;\">v.hantschmann@t-online.de<\/p>\n<p style=\"font-size: 14px;\">Dr. Edward Sulek, 2. Przewodnicz\u0105cy<\/p>\n<p style=\"font-size: 14px;\">+49 (0) 151 538 143 44<\/p>\n<p style=\"font-size: 14px;\">edward.sulek@gmx.de<\/p>\n<p style=\"color: #3c4858;\">Izabela Peter, Cz\u0142onek Stowarzyszenia<\/p>\n<p style=\"font-size: 14px;\">+49 (0) 391 258 95 93<\/p>\n<p style=\"font-size: 14px;\">ip@mpeter.de<\/p>\n<p style=\"font-size: 14px;\">Friederike Lippold, Cz\u0142onek Stowarzyszenia\u00a0<\/p>\n<p style=\"font-size: 14px;\">+49 (0) 345 2127 431<\/p>\n<p style=\"font-size: 14px;\">mail@dpg-sachsen-anhalt.de<\/p>\n<p style=\"font-size: 14px;\">Dr. Hermann Armbr\u00fcster, Cz\u0142onek Stowarzyszenia<\/p>\n<p style=\"font-size: 14px;\">+49 (0) 391 5371 353<\/p>\n<p style=\"font-size: 14px;\">mail@dpg-sachsen-anhalt.de<\/p>\n","protected":false},"excerpt":{"rendered":"<p>Cz\u0142onkowie zarz\u0105du Krzysztof Blau, 1. Przewodnicz\u0105cy +49 (0) 391 5371 353 mail@dpg-sachsen-anhalt.de Miroslawa T\u00e4nzer, Skarbnik +49 (0) 391 5371 353 mail@dpg-sachsen-anhalt.de Wili M\u00fcller, Cz\u0142onek Stowarzyszenia\u00a0 +49 (0) 391 5371 353 mail@dpg-sachsen-anhalt.de Veronika Hantschmann, Cz\u0142onek Stowarzyszenia\u00a0 +49 (0) 391 25 22 758 v.hantschmann@t-online.de Dr. Edward Sulek, 2. Przewodnicz\u0105cy +49 (0) 151 538 143 44 edward.sulek@gmx.de Izabela &hellip; <\/p>\n<p class=\"link-more\"><a href=\"https:\/\/www.dpg-sachsen-anhalt.de\/?page_id=313&#038;lang=pl\" class=\"more-link\"><span class=\"screen-reader-text\">\u201eZarz\u0105d\u201c<\/span> weiterlesen<\/a><\/p>\n","protected":false},"author":1,"featured_media":0,"parent":193,"menu_order":0,"comment_status":"closed","ping_status":"closed","template":"","meta":{"footnotes":""},"class_list":["post-313","page","type-page","status-publish","hentry"],"_links":{"self":[{"href":"https:\/\/www.dpg-sachsen-anhalt.de\/index.php?rest_route=\/wp\/v2\/pages\/313","targetHints":{"allow":["GET"]}}],"collection":[{"href":"https:\/\/www.dpg-sachsen-anhalt.de\/index.php?rest_route=\/wp\/v2\/pages"}],"about":[{"href":"https:\/\/www.dpg-sachsen-anhalt.de\/index.php?rest_route=\/wp\/v2\/types\/page"}],"author":[{"embeddable":true,"href":"https:\/\/www.dpg-sachsen-anhalt.de\/index.php?rest_route=\/wp\/v2\/users\/1"}],"replies":[{"embeddable":true,"href":"https:\/\/www.dpg-sachsen-anhalt.de\/index.php?rest_route=%2Fwp%2Fv2%2Fcomments&post=313"}],"version-history":[{"count":3,"href":"https:\/\/www.dpg-sachsen-anhalt.de\/index.php?rest_route=\/wp\/v2\/pages\/313\/revisions"}],"predecessor-version":[{"id":316,"href":"https:\/\/www.dpg-sachsen-anhalt.de\/index.php?rest_route=\/wp\/v2\/pages\/313\/revisions\/316"}],"up":[{"embeddable":true,"href":"https:\/\/www.dpg-sachsen-anhalt.de\/index.php?rest_route=\/wp\/v2\/pages\/193"}],"wp:attachment":[{"href":"https:\/\/www.dpg-sachsen-anhalt.de\/index.php?rest_route=%2Fwp%2Fv2%2Fmedia&parent=313"}],"curies":[{"name":"wp","href":"https:\/\/api.w.org\/{rel}","templated":true}]}}