{"id":321,"date":"2019-04-11T12:28:13","date_gmt":"2019-04-11T10:28:13","guid":{"rendered":"http:\/\/dpgsa.bplaced.net\/Wordpress\/wordpress\/?page_id=321"},"modified":"2019-04-15T12:31:40","modified_gmt":"2019-04-15T10:31:40","slug":"info-dla-polakow","status":"publish","type":"page","link":"https:\/\/www.dpg-sachsen-anhalt.de\/?page_id=321&lang=pl","title":{"rendered":"Info dla Polak\u00f3w"},"content":{"rendered":"\n<h1 class=\"wp-block-heading\">Witamy w Saksonii &#8211; Anhalt !<\/h1>\n\n\n\n<p class=\"has-medium-font-size\">Tutaj znajdziecie Pa\u0144stwo przydatne informacje o Niemczech, Saksonii &#8211; Anhalt, informacje o r\u00f3\u017cnorodnych imprezach organizowanych przez nasze stowarzyszenie oraz pomocne strony internetowe \u2026 Zapraszamy !!!<\/p>\n\n\n\n<p>Og\u00f3lne informacje o Niemczech, historii, strukturze politycznej, gospodarce i kulturze znajdziecie Pa\u0144stwo na stronach poni\u017cej: <\/p>\n\n\n\n<p> <a rel=\"noreferrer noopener\" target=\"_blank\" href=\"http:\/\/www.warschau.diplo.de\/Vertretung\/warschau\/pl\/01\/Allgemeine__Informationen__PL\/Allgemeines__UB__PL.html\">-&gt; Informacje o Niemczech<\/a>&nbsp;<br><a rel=\"noreferrer noopener\" target=\"_blank\" href=\"http:\/\/www.twojaeuropa.pl\/kraj\/niemcy\">-&gt; Twoja Europa &#8211; Niemcy<\/a>&nbsp; <\/p>\n\n\n\n<p>Informacje og\u00f3lne na temat polityki Niemiec znajdziecie Pa\u0144stwo tutaj: <\/p>\n\n\n\n<p> <a rel=\"noreferrer noopener\" target=\"_blank\" href=\"http:\/\/www.warschau.diplo.de\/Vertretung\/warschau\/pl\/01\/Politik\/01-Politik.html\">-&gt; Polityka<\/a>&nbsp; <\/p>\n\n\n\n<p>Informacje o ludno\u015bci, religiach i sytuacji spo\u0142ecznej 20 lat po zjednoczeniu Niemiec znajdziecie Pa\u0144stwo poni\u017cej: <\/p>\n\n\n\n<p> <a rel=\"noreferrer noopener\" target=\"_blank\" href=\"http:\/\/www.warschau.diplo.de\/Vertretung\/warschau\/pl\/01\/Gesellschaft\/0-Gesellschaft.html\">-&gt; Spo\u0142ecze\u0144stwo<\/a>&nbsp; <\/p>\n\n\n\n<p>Saksonia &#8211; Anhalt jest jednym z 16 &#8211; tu kraj\u00f3w zwi\u0105zkowych w Niemczech ze stolic\u0105 w Magdeburgu. Poni\u017cej znajdziecie Pa\u0144stwo oficjalny portal Saksonii &#8211; Anhalt po polsku: <\/p>\n\n\n\n<p> <a rel=\"noreferrer noopener\" target=\"_blank\" href=\"http:\/\/www.sachsen-anhalt.de\/lang\/polski\/kontakty-pomiedzy-saksonia-anhalt-i-polska\/\">-&gt; Witamy w Saksonii Anhalt<\/a>&nbsp; <\/p>\n\n\n\n<p>Praca w Niemczech : z dniem 1 maja 2011 r. up\u0142yn\u0105\u0142 okres obowi\u0105zywania uregulowa\u0144 przej\u015bciowych dotycz\u0105cych swobody przep\u0142ywu os\u00f3b z pa\u0144stw cz\u0142onkowskich, co oznacza, \u017ce od Polak\u00f3w chc\u0105cych ubiega\u0107 si\u0119 o zatrudnienie u niemieckiego pracodawcy w Niemczech nie jest ju\u017c wymagane posiadanie pozwolenia na prac\u0119. Poni\u017cej znajdziecie Pa\u0144stwo og\u0142oszenia o prac\u0119 oraz przydatne informacje na temat zatrudnienia w Niemczech: <\/p>\n\n\n\n<p> <a rel=\"noreferrer noopener\" target=\"_blank\" href=\"http:\/\/www.bmas.de\/DE\/Service\/Publikationen\/a807-entsendung-eu-buerger-polnisch.html\">-&gt; Zatrudnienie i delegowanie do pracy obywateli UE<\/a>&nbsp;<br><a rel=\"noreferrer noopener\" target=\"_blank\" href=\"http:\/\/www.niemcy.igns.pl\/\">-&gt; Praca &#8211; Niemcy<\/a>&nbsp;<br><a rel=\"noreferrer noopener\" target=\"_blank\" href=\"http:\/\/www.niemcy-praca.com\/news.php\">-&gt; Og\u0142oszenia o prac\u0119 w Niemczech<\/a>&nbsp;<br><a rel=\"noreferrer noopener\" target=\"_blank\" href=\"http:\/\/www.praca-w-niemczech.info\/\">-&gt; Praca i firma w Niemczech<\/a>&nbsp;<br><a rel=\"noreferrer noopener\" target=\"_blank\" href=\"http:\/\/zycieipracawniemczech.pl\/\">-&gt; Realia niemieckiego rynku pracy i \u017cycia Polak\u00f3w w Niemczech<\/a>&nbsp;<br><a rel=\"noreferrer noopener\" target=\"_blank\" href=\"http:\/\/www.arbeitsamt.pl\/\">-&gt; Urz\u0105d Pracy w Niemczech<\/a>&nbsp;<br><a rel=\"noreferrer noopener\" target=\"_blank\" href=\"http:\/\/www.finanzamt.pl\/\">-&gt; Urz\u0105d Skarbowy i podatki<\/a>&nbsp;<br><a rel=\"noreferrer noopener\" target=\"_blank\" href=\"https:\/\/www.aok.pl\/ubezpieczenie-zdrowotne-w-niemczech-383.php\">-&gt; Ubezpieczenie zdrowotne<\/a>&nbsp; <\/p>\n\n\n\n<p>Studia w Niemczech: Niemcy posiadaj\u0105 wielostronn\u0105 ofert\u0119 w dziedzinie szkolnictwa wy\u017cszego. Niemieckie szko\u0142y wy\u017csze ciesz\u0105 si\u0119 doskona\u0142\u0105 renom\u0105 i ka\u017cdy znajdzie tam co\u015b dla siebie. Poni\u017cej przydatne informacje na temat studi\u00f3w w Niemczech: <\/p>\n\n\n\n<p> <a rel=\"noreferrer noopener\" target=\"_blank\" href=\"http:\/\/www.daad.pl\/pl\/09210\/index.html\">-&gt; Studia w Niemczech<\/a>&nbsp; <\/p>\n\n\n\n<p>Uznawanie dyplom\u00f3w: najbardziej wyczerpuj\u0105ce informacje na temat uznawania dokument\u00f3w i nostryfikacji dyplom\u00f3w w Niemczech znajdziecie Pa\u0144stwo na stronach poni\u017cej: <\/p>\n\n\n\n<p> <a rel=\"noreferrer noopener\" target=\"_blank\" href=\"http:\/\/www.rcie.koszalin.pl\/pliki\/rcie_uznawanie_wyksztalcenia_i_kwalifikacji.pdf\">-&gt; Uznawanie wykszta\u0142cenia i kwalifikacji<\/a>&nbsp;<br><a rel=\"noreferrer noopener\" target=\"_blank\" href=\"http:\/\/www.berufliche-anerkennung.de\/\">-&gt; Uznawanie wykszta\u0142cenia w Niemczech *<\/a>&nbsp;<br><a rel=\"noreferrer noopener\" target=\"_blank\" href=\"http:\/\/www.anabin.de\/\">-&gt; Uznawalno\u015b\u0107 wykszta\u0142cenia w Niemczech *<\/a>&nbsp;<br><a rel=\"noreferrer noopener\" target=\"_blank\" href=\"http:\/\/www.anerkennung-in-deutschland.de\/html\/pl\/index.php\">-&gt; Uznanie kwalifikacji w Niemczech<\/a>&nbsp; <\/p>\n\n\n\n<p>Polsko &#8211; niemiecka wsp\u00f3\u0142praca m\u0142odzie\u017cy: realizacja polsko &#8211; niemieckich projekt\u00f3w, zasady dofinansowania oraz przyk\u0142ady zrealizowanych projekt\u00f3w znjdziecie Pa\u0144stwo tutaj: <\/p>\n\n\n\n<p> <a rel=\"noreferrer noopener\" target=\"_blank\" href=\"http:\/\/www.dpjw.org\/\">-&gt; Polsko &#8211; Niemiecka Wsp\u00f3\u0142praca M\u0142odzie\u017cy<\/a>&nbsp;<br><a rel=\"noreferrer noopener\" target=\"_blank\" href=\"http:\/\/www.fwpn.org.pl\/?module=articles&amp;category=31\">-&gt; Fundacja Wsp\u00f3\u0142pracy Polsko-Niemieckiej<\/a>&nbsp; <\/p>\n\n\n\n<p>R\u00f3\u017cnorodne informacje turystyczne o Niemczech i miejscach, kt\u00f3re warto zobaczy\u0107: <\/p>\n\n\n\n<p> <a rel=\"noreferrer noopener\" target=\"_blank\" href=\"http:\/\/www.germany.travel\/pl\/index.html\">-&gt; Niemiecka Centrala Turystyki<\/a>&nbsp; <\/p>\n\n\n\n<p>Na stronie Deutsche Welle znajd\u0105 Pa\u0144stwo zawsze swie\u017ce wiadomo\u015bci polityczne, gospodarcze, kulturalne i przegl\u0105d prasy niemieckiej: <\/p>\n\n\n\n<p> <a rel=\"noreferrer noopener\" target=\"_blank\" href=\"http:\/\/www.dw.de\/dw\/0,2142,643,00.html\">-&gt; Polski serwis Deutsche Welle<\/a>&nbsp; <\/p>\n\n\n\n<p>Czasopismo Deutschland informuje o najwa\u017cniejszych informacjach i aktualnych wydarzeniach z Niemiec i Europy: <\/p>\n\n\n\n<p> <a rel=\"noreferrer noopener\" target=\"_blank\" href=\"http:\/\/www.magazin-deutschland.de\/\">-&gt; Czasopismo Deutschland<\/a>&nbsp; <\/p>\n\n\n\n<p>Polsko &#8211; Niemiecki Magazyn Dialog: <\/p>\n\n\n\n<p> <a rel=\"noreferrer noopener\" target=\"_blank\" href=\"http:\/\/www.dialogonline.org\/\">-&gt; Magazyn Dialog<\/a>&nbsp; <\/p>\n\n\n\n<p>Portale internetowe i fora dla Polak\u00f3w \u017cyj\u0105cych w Niemczech zawieraj\u0105ce informacje na temat meldunku, ubezpieczenia, zasi\u0142k\u00f3w i wiele wiele innych znajdziecie Pa\u0144stwo poni\u017cej: <\/p>\n\n\n\n<p> <a rel=\"noreferrer noopener\" target=\"_blank\" href=\"http:\/\/www.polacywniemczech.de\/\">-&gt; Polacy w Niemczech<\/a>&nbsp;<br><a rel=\"noreferrer noopener\" target=\"_blank\" href=\"http:\/\/www.mypolacy.de\/\">-&gt; My Polacy<\/a>&nbsp;<br><a rel=\"noreferrer noopener\" target=\"_blank\" href=\"http:\/\/eniemcy.com\/\">-&gt; eNiemcy<\/a>&nbsp;<br><a rel=\"noreferrer noopener\" target=\"_blank\" href=\"http:\/\/www.terazpolonia.de\/\">-&gt; Teraz Polonia<\/a>&nbsp;<br><a rel=\"noreferrer noopener\" target=\"_blank\" href=\"http:\/\/niemcy.zachlebem.info\/\">-&gt; \u017bycie i praca w Niemczech<\/a>&nbsp; <\/p>\n\n\n\n<p>Portal dla Polonii Niemieckiej: <\/p>\n\n\n\n<p> <a rel=\"noreferrer noopener\" target=\"_blank\" href=\"http:\/\/www.polonia-polacy.de\/\">-&gt; Polonia &#8211; Polacy<\/a>&nbsp; <\/p>\n\n\n\n<p>Ambasada Rzeczypospolitej Polskiej w Berlinie: <\/p>\n\n\n\n<p> <a rel=\"noreferrer noopener\" target=\"_blank\" href=\"http:\/\/www.berlin.polemb.net\/index.php?document=1\">-&gt; Ambasada RP w Berlinie<\/a>&nbsp; <\/p>\n\n\n\n<p>Ambasada Niemiec w Warszawie: <\/p>\n\n\n\n<p><a target=\"_blank\" href=\"http:\/\/www.warschau.diplo.de\/\" rel=\"noreferrer noopener\">-&gt; Ambasada Niemiec Warszawa<\/a><\/p>\n\n\n\n<p>Na koniec polecamy ksi\u0105\u017ck\u0119 \u201eJak post\u0119powa\u0107 z Niemcami? Poradnik dla biznesu i nie tylko\u201d autorstwa Krzysztofa Wojciechowskiego. Ksi\u0105\u017cka ta jest praktycznym poradnikiem dla wszystkich Polak\u00f3w, kt\u00f3rzy pragn\u0105 bezkolizyjnie porozumiewa\u0107 si\u0119 i wsp\u00f3\u0142pracowa\u0107 z Niemcami, a zamiast naukowych analiz, zawiera proste i praktyczne porady ! \u017byczymy udanej lektury ! <\/p>\n\n\n\n<p>W razie jakichkolwiek pyta\u0144 prosimy o <a href=\"http:\/\/dpgsa.bplaced.net\/Wordpress\/wordpress\/?page_id=296\">kontakt <\/a>z nami. S\u0142u\u017cymy Pa\u0144stwu pomoc\u0105 ! <\/p>\n\n\n\n<p>strona w j\u0119zyku niemieckim<\/p>\n","protected":false},"excerpt":{"rendered":"<p>Witamy w Saksonii &#8211; Anhalt ! Tutaj znajdziecie Pa\u0144stwo przydatne informacje o Niemczech, Saksonii &#8211; Anhalt, informacje o r\u00f3\u017cnorodnych imprezach organizowanych przez nasze stowarzyszenie oraz pomocne strony internetowe \u2026 Zapraszamy !!! Og\u00f3lne informacje o Niemczech, historii, strukturze politycznej, gospodarce i kulturze znajdziecie Pa\u0144stwo na stronach poni\u017cej: -&gt; Informacje o Niemczech&nbsp;-&gt; Twoja Europa &#8211; Niemcy&nbsp; Informacje &hellip; <\/p>\n<p class=\"link-more\"><a href=\"https:\/\/www.dpg-sachsen-anhalt.de\/?page_id=321&#038;lang=pl\" class=\"more-link\"><span class=\"screen-reader-text\">\u201eInfo dla Polak\u00f3w\u201c<\/span> weiterlesen<\/a><\/p>\n","protected":false},"author":1,"featured_media":0,"parent":193,"menu_order":0,"comment_status":"closed","ping_status":"closed","template":"","meta":{"footnotes":""},"class_list":["post-321","page","type-page","status-publish","hentry"],"_links":{"self":[{"href":"https:\/\/www.dpg-sachsen-anhalt.de\/index.php?rest_route=\/wp\/v2\/pages\/321","targetHints":{"allow":["GET"]}}],"collection":[{"href":"https:\/\/www.dpg-sachsen-anhalt.de\/index.php?rest_route=\/wp\/v2\/pages"}],"about":[{"href":"https:\/\/www.dpg-sachsen-anhalt.de\/index.php?rest_route=\/wp\/v2\/types\/page"}],"author":[{"embeddable":true,"href":"https:\/\/www.dpg-sachsen-anhalt.de\/index.php?rest_route=\/wp\/v2\/users\/1"}],"replies":[{"embeddable":true,"href":"https:\/\/www.dpg-sachsen-anhalt.de\/index.php?rest_route=%2Fwp%2Fv2%2Fcomments&post=321"}],"version-history":[{"count":3,"href":"https:\/\/www.dpg-sachsen-anhalt.de\/index.php?rest_route=\/wp\/v2\/pages\/321\/revisions"}],"predecessor-version":[{"id":333,"href":"https:\/\/www.dpg-sachsen-anhalt.de\/index.php?rest_route=\/wp\/v2\/pages\/321\/revisions\/333"}],"up":[{"embeddable":true,"href":"https:\/\/www.dpg-sachsen-anhalt.de\/index.php?rest_route=\/wp\/v2\/pages\/193"}],"wp:attachment":[{"href":"https:\/\/www.dpg-sachsen-anhalt.de\/index.php?rest_route=%2Fwp%2Fv2%2Fmedia&parent=321"}],"curies":[{"name":"wp","href":"https:\/\/api.w.org\/{rel}","templated":true}]}}