{"id":340,"date":"2019-04-11T13:28:26","date_gmt":"2019-04-11T11:28:26","guid":{"rendered":"http:\/\/dpgsa.bplaced.net\/Wordpress\/wordpress\/?page_id=340"},"modified":"2019-04-15T12:31:16","modified_gmt":"2019-04-15T10:31:16","slug":"ueber-masowien","status":"publish","type":"page","link":"https:\/\/www.dpg-sachsen-anhalt.de\/?page_id=340","title":{"rendered":"\u00dcber Masowien"},"content":{"rendered":"\n<h1 class=\"wp-block-heading\">Masowien &#8230;<\/h1>\n\n\n\n<div class=\"wp-block-image\"><figure class=\"alignright\"><a href=\"http:\/\/www2.dpg-sachsen-anhalt.de\/uploads\/pic_4493510_full.jpg\"><img decoding=\"async\" src=\"http:\/\/dpgsa.bplaced.net\/archiv\/www2.dpg-sachsen-anhalt.de\/uploads\/pic_4493510.jpg\" alt=\"Masowien ...\"\/><\/a><\/figure><\/div>\n\n\n\n<p>Die&nbsp;<strong>Woiwodschaft Masowien<\/strong>erstreckt sich im mittel\u00f6stlichen Teil Polens, umfasst eine Fl\u00e4che von 35.579 km\u00b2, 11,4% des gesamten Staatsgebietes (zum Vergleich: Die Fl\u00e4che Sachsen-Anhalts betr\u00e4gt 20.477 km\u00b2), z\u00e4hlt 5&nbsp;165&nbsp;000 Einwohner. Die Hauptstadt der Woiwodschaft Masowien (und gleichzeitig Landeshauptstadt) ist&nbsp;<strong>Warschau<\/strong>. Weitere wichtige St\u00e4dte sind Radom, P\u0142ock, Siedlce, Ostro\u0142\u0119ka und Ciechan\u00f3w. Die Wojewodschaft Masowien ist die gr\u00f6\u00dfte polnische Verwaltungseinheit. In der Wojewodschaft gibt es 37 Kreise und 5 kreisfreie St\u00e4dte.<\/p>\n\n\n\n<p>Das scheinbar eint\u00f6nige Flachland der Woiwodschaft Masowien verbl\u00fcfft durch seine wellige Altmor\u00e4nenlandschaft, Seengebiete, D\u00fcnengel\u00e4nde und dem Urstromtal der gr\u00f6\u00dften Fl\u00fcsse der Region. Weichsel, Bug und Narew.&nbsp;<br><\/p>\n\n\n\n<p>Dank ihrer g\u00fcnstigen geographischen Lage ist die Wojewodschaft Masowien als das wichtigste Transportzentrum Polens. Hier befindet sich der Hauptknotenpunkt des Luft-, Stra\u00dfen- und Eisenbahnverkehrs. Vom Flughafen \u201eFr\u00e9d\u00e9ric Chopin&#8220; wird sowohl in- als auch ausl\u00e4ndischer Luftverkehr abgewickelt. Masowien ist durch recht differenzierte wirtschaftliche Strukturen gekennzeichnet. Hier haben die Betriebe vieler wichtiger Industriezweige ihren Sitz, so z. B. mit PKN Orlen eine der gr\u00f6\u00dften Mineral\u00f6lgesellschaften Europas.&nbsp;<br><\/p>\n\n\n\n<div class=\"wp-block-image\"><figure class=\"alignright\"><a href=\"http:\/\/www2.dpg-sachsen-anhalt.de\/uploads\/pic_4493510_1_full.png\"><img decoding=\"async\" src=\"http:\/\/dpgsa.bplaced.net\/archiv\/www2.dpg-sachsen-anhalt.de\/uploads\/pic_4493510_1.png\" alt=\"Warschau\"\/><\/a><figcaption><strong>Warschau<\/strong><\/figcaption><\/figure><\/div>\n\n\n\n<p>Dar\u00fcber hinaus bietet Masowien reizvolle Landschaften und eine reichhaltige Kultur, nicht nur in Warschau mit seinem wieder aufgebaute K\u00f6nigsschloss und der ebenfalls nach den Zerst\u00f6rungen im Zweiten Weltkrieg rekonstruierten Altstadt, wo sich heute Museen, Galerien, gem\u00fctliche Restaurants und Cafes und Klubs in breit gef\u00e4cherten Stilrichtungen befinden. Die Altstadt von Warschau ist mittlerweile UNESCO-Weltkulturerbe.&nbsp;<br><\/p>\n\n\n\n<p>Unweit der Hauptstadt liegt der \u00fcber 40 km lange See &#8222;Jezoro Zegrzyskie&#8220;, ein wichtiges Erholungsgebiet der Warschauer. Eine weitere bedeutende Erholungslandschaft ist der Urwald des Kampinoski-Nationalparks, der gleich hinter der Stadtgrenze beginnt. Hier leben Wisente in freier Wildbahn. Hier im Urwald kommen Liebhaber der Naturtouristik, des Radfahrens und Reitens auf ihre Kosten.&nbsp;<br><\/p>\n\n\n\n<div class=\"wp-block-image\"><figure class=\"alignright\"><a href=\"http:\/\/www2.dpg-sachsen-anhalt.de\/uploads\/pic_4493510_2_full.jpg\"><img decoding=\"async\" src=\"http:\/\/dpgsa.bplaced.net\/archiv\/www2.dpg-sachsen-anhalt.de\/uploads\/pic_4493510_2.jpg\" alt=\"Denkmal von Fryderyk Chopin in \u017belazowa Wola\"\/><\/a><figcaption> <br><strong>Denkmal von Fryderyk Chopin in \u017belazowa Wola<\/strong>\ufeff <\/figcaption><\/figure><\/div>\n\n\n\n<p>Der ber\u00fchmteste Komponist Polens, der Pianist Fryderyk Chopin (1810-1849), wurde in \u017belazowa Wola bei Warschau geboren, wo ein Museum an ihn erinnert. Im Park finden w\u00e4hrend der Sommermonate sonntags Konzerte mit Klaviermusik von Chopin statt.&nbsp;<br><\/p>\n\n\n\n<p>Derzeit bestehen zwei St\u00e4dtepartnerschaften zwischen Masowien und Sachsen-Anhalt: Radom mit Magdeburg und Ciechan\u00f3w mit Haldensleben.<\/p>\n\n\n\n<p>Hier finden Sie mehrere Informationen \u00fcber Region\u00a0<a rel=\"noreferrer noopener\" target=\"_blank\" href=\"http:\/\/de.wikipedia.org\/wiki\/Masowien\">Masowien<\/a>.\u00a0<br><br>Hier finden Sie Informationen \u00fcber <a href=\"http:\/\/dpgsa.bplaced.net\/Wordpress\/wordpress\/?page_id=84\">die Regionalpartnerschaft<\/a>.<\/p>\n","protected":false},"excerpt":{"rendered":"<p>Masowien &#8230; Die&nbsp;Woiwodschaft Masowienerstreckt sich im mittel\u00f6stlichen Teil Polens, umfasst eine Fl\u00e4che von 35.579 km\u00b2, 11,4% des gesamten Staatsgebietes (zum Vergleich: Die Fl\u00e4che Sachsen-Anhalts betr\u00e4gt 20.477 km\u00b2), z\u00e4hlt 5&nbsp;165&nbsp;000 Einwohner. Die Hauptstadt der Woiwodschaft Masowien (und gleichzeitig Landeshauptstadt) ist&nbsp;Warschau. Weitere wichtige St\u00e4dte sind Radom, P\u0142ock, Siedlce, Ostro\u0142\u0119ka und Ciechan\u00f3w. Die Wojewodschaft Masowien ist die gr\u00f6\u00dfte &hellip; <\/p>\n<p class=\"link-more\"><a href=\"https:\/\/www.dpg-sachsen-anhalt.de\/?page_id=340\" class=\"more-link\"><span class=\"screen-reader-text\">\u201e\u00dcber Masowien\u201c<\/span> weiterlesen<\/a><\/p>\n","protected":false},"author":1,"featured_media":0,"parent":84,"menu_order":0,"comment_status":"closed","ping_status":"closed","template":"","meta":{"footnotes":""},"class_list":["post-340","page","type-page","status-publish","hentry"],"_links":{"self":[{"href":"https:\/\/www.dpg-sachsen-anhalt.de\/index.php?rest_route=\/wp\/v2\/pages\/340","targetHints":{"allow":["GET"]}}],"collection":[{"href":"https:\/\/www.dpg-sachsen-anhalt.de\/index.php?rest_route=\/wp\/v2\/pages"}],"about":[{"href":"https:\/\/www.dpg-sachsen-anhalt.de\/index.php?rest_route=\/wp\/v2\/types\/page"}],"author":[{"embeddable":true,"href":"https:\/\/www.dpg-sachsen-anhalt.de\/index.php?rest_route=\/wp\/v2\/users\/1"}],"replies":[{"embeddable":true,"href":"https:\/\/www.dpg-sachsen-anhalt.de\/index.php?rest_route=%2Fwp%2Fv2%2Fcomments&post=340"}],"version-history":[{"count":2,"href":"https:\/\/www.dpg-sachsen-anhalt.de\/index.php?rest_route=\/wp\/v2\/pages\/340\/revisions"}],"predecessor-version":[{"id":342,"href":"https:\/\/www.dpg-sachsen-anhalt.de\/index.php?rest_route=\/wp\/v2\/pages\/340\/revisions\/342"}],"up":[{"embeddable":true,"href":"https:\/\/www.dpg-sachsen-anhalt.de\/index.php?rest_route=\/wp\/v2\/pages\/84"}],"wp:attachment":[{"href":"https:\/\/www.dpg-sachsen-anhalt.de\/index.php?rest_route=%2Fwp%2Fv2%2Fmedia&parent=340"}],"curies":[{"name":"wp","href":"https:\/\/api.w.org\/{rel}","templated":true}]}}