{"id":63,"date":"2019-03-27T11:06:42","date_gmt":"2019-03-27T10:06:42","guid":{"rendered":""},"modified":"2020-01-22T23:26:24","modified_gmt":"2020-01-22T22:26:24","slug":"ueber-uns","status":"publish","type":"page","link":"https:\/\/www.dpg-sachsen-anhalt.de\/?page_id=63","title":{"rendered":"\u00dcber uns"},"content":{"rendered":"\n<h2 class=\"wp-block-heading\">Der Verein<\/h2>\n\n\n\n<h3 class=\"wp-block-heading\"> Wer sind wir? <\/h3>\n\n\n\n<p>Die Deutsch-Polnische Gesellschaft Sachsen- Anhalt e.V. wurde im Februar 1998 gegr\u00fcndet. Wir vereinigen in unseren Reihen Vertreter der Wissenschaft, Wirtschaft, Bildung und Kultur, des Landtages und von Nichtregierungsorganisationen. Wir stehen als Ansprechpartner f\u00fcr Institutionen, Hochschulen und Firmen des Landes Sachsen- Anhalts zu Fragen Polens zur Verf\u00fcgung. Mit der Durchf\u00fchrung von Veranstaltungen, Vortr\u00e4gen und Studienreisen sowie mit wissenschaftlichen Fachkonferenzen und Seminaren setzt sich die Gesellschaft f\u00fcr eine bessere Verst\u00e4ndigung zwischen Deutschen und Polen und f\u00fcr mehr Kenntnisse \u00fcber das Nachbarland Polen in Sachsen-Anhalt ein. Unsere Gesellschaft ist Mitglied im Dachverband der Deutsch-Polnischen Gesellschaften Deutschlands. <\/p>\n\n\n\n<h3 class=\"wp-block-heading\">Was tun wir?<\/h3>\n\n\n\n<p>Die Begegnungen von Menschen aus Deutschland und Polen bildet den Schwerpunkt der interkulturellen Arbeit unserer Gesellschaft. Gemeinsame Diskussionen \u00fcber Aspekte der eigenen und der jeweils anderen Kultur tragen zum besseren gegenseitigen Verst\u00e4ndnis bei. Es ist unser Ziel, insbesondere die Jugend dazu anzuregen, die Normen und Werte der eigenen Gesellschaft und Kultur vor dem Hintergrund der anderen kritisch zu betrachten. Eine wichtige Rolle spielen pers\u00f6nliche Begegnungen, bei denen eine Auseinandersetzung mit der deutschen und polnischen Geschichte und Kultur erm\u00f6glicht wird, Vorurteile abgebaut werden und das Interesse f\u00fcr das Nachbarland Polen geweckt wird.<\/p>\n\n\n\n<p>Mit einem vielf\u00e4ltigen Angebot an Veranstaltungen wollen eine breite \u00d6ffentlichkeit erreichen. Dar\u00fcber hinaus bewirken mit unserer Teilnahme an Kongressen, Konferenzen, Seminaren und anderen Veranstaltungen in beiden L\u00e4ndern die Entstehung und Entwicklung fester Beziehungen zwischen Sachsen-Anhalt und Polen.<\/p>\n\n\n\n<h3 class=\"wp-block-heading\"> Was wollen wir? <\/h3>\n\n\n\n<ul class=\"wp-block-list\"><li>die Beziehungen zur Republik Polen auf der Ebene des Landes und der Landeshauptstadt gestalten und auszubauen.<\/li><\/ul>\n\n\n\n<ul class=\"wp-block-list\"><li>den Dialog zwischen Deutschen und Polen anregen und f\u00f6rdern.<\/li><\/ul>\n\n\n\n<ul class=\"wp-block-list\"><li>Interesse an unserem Nachbarland Polen wecken.<\/li><\/ul>\n\n\n\n<ul class=\"wp-block-list\"><li>kulturelle, soziale und politische Aspekte der deutsch-polnischen Vergangenheit und Gegenwart, die in den Medien, Film, Fotografie, Literatur, Theater, Musik und bildender Kunst behandelt werden, zeigen und diskutieren.<\/li><\/ul>\n\n\n\n<ul class=\"wp-block-list\"><li>den Schul-und Jugendaustausch zwischen Polen und Deutschen unterst\u00fctzen.<\/li><\/ul>\n\n\n\n<h2 class=\"wp-block-heading\">Was brauchen wir? <\/h2>\n\n\n\n<p>Bei unserer Arbeit sind Ideen, Zeit und Engagement gefragt. Wenn Sie Ideen oder Vorschl\u00e4ge zu unseren T\u00e4tigkeitsfeldern haben, und sich bei der Verwirklichung einbringen wollen, sind Sie bei unseren Veranstaltungen herzlich willkommen. Wir freuen uns \u00fcber Resonanz auf unsere Veranstaltungen. Um unsere Pl\u00e4ne verwirklichen zu k\u00f6nnen, sind auf eine breite Unterst\u00fctzung und F\u00f6rderung angewiesen. <\/p>\n\n\n\n<h3 class=\"wp-block-heading\">Anhang<\/h3>\n\n\n\n<div class=\"wp-block-file\"><a href=\"https:\/\/www.dpg-sachsen-anhalt.de\/wp-content\/uploads\/Satzung_22_01_2020_MAE-1.pdf\">Satzung<\/a><a href=\"https:\/\/www.dpg-sachsen-anhalt.de\/wp-content\/uploads\/Satzung_22_01_2020_MAE-1.pdf\" class=\"wp-block-file__button\" download>Herunterladen<\/a><\/div>\n\n\n\n<div class=\"wp-block-file\"><a href=\"http:\/\/dpgsa.bplaced.net\/Wordpress\/wordpress\/wp-content\/uploads\/beitrittserklaerung_lsa.pdf\">Beitritserkl\u00e4rung<\/a><a href=\"http:\/\/dpgsa.bplaced.net\/Wordpress\/wordpress\/wp-content\/uploads\/beitrittserklaerung_lsa.pdf\" class=\"wp-block-file__button\" download>Herunterladen<\/a><\/div>\n\n\n\n<p><\/p>\n","protected":false},"excerpt":{"rendered":"<p>Der Verein Wer sind wir? Die Deutsch-Polnische Gesellschaft Sachsen- Anhalt e.V. wurde im Februar 1998 gegr\u00fcndet. Wir vereinigen in unseren Reihen Vertreter der Wissenschaft, Wirtschaft, Bildung und Kultur, des Landtages und von Nichtregierungsorganisationen. Wir stehen als Ansprechpartner f\u00fcr Institutionen, Hochschulen und Firmen des Landes Sachsen- Anhalts zu Fragen Polens zur Verf\u00fcgung. Mit der Durchf\u00fchrung von &hellip; <\/p>\n<p class=\"link-more\"><a href=\"https:\/\/www.dpg-sachsen-anhalt.de\/?page_id=63\" class=\"more-link\"><span class=\"screen-reader-text\">\u201e\u00dcber uns\u201c<\/span> weiterlesen<\/a><\/p>\n","protected":false},"author":1,"featured_media":0,"parent":0,"menu_order":0,"comment_status":"closed","ping_status":"closed","template":"","meta":{"footnotes":""},"class_list":["post-63","page","type-page","status-publish","hentry"],"_links":{"self":[{"href":"https:\/\/www.dpg-sachsen-anhalt.de\/index.php?rest_route=\/wp\/v2\/pages\/63","targetHints":{"allow":["GET"]}}],"collection":[{"href":"https:\/\/www.dpg-sachsen-anhalt.de\/index.php?rest_route=\/wp\/v2\/pages"}],"about":[{"href":"https:\/\/www.dpg-sachsen-anhalt.de\/index.php?rest_route=\/wp\/v2\/types\/page"}],"author":[{"embeddable":true,"href":"https:\/\/www.dpg-sachsen-anhalt.de\/index.php?rest_route=\/wp\/v2\/users\/1"}],"replies":[{"embeddable":true,"href":"https:\/\/www.dpg-sachsen-anhalt.de\/index.php?rest_route=%2Fwp%2Fv2%2Fcomments&post=63"}],"version-history":[{"count":13,"href":"https:\/\/www.dpg-sachsen-anhalt.de\/index.php?rest_route=\/wp\/v2\/pages\/63\/revisions"}],"predecessor-version":[{"id":878,"href":"https:\/\/www.dpg-sachsen-anhalt.de\/index.php?rest_route=\/wp\/v2\/pages\/63\/revisions\/878"}],"wp:attachment":[{"href":"https:\/\/www.dpg-sachsen-anhalt.de\/index.php?rest_route=%2Fwp%2Fv2%2Fmedia&parent=63"}],"curies":[{"name":"wp","href":"https:\/\/api.w.org\/{rel}","templated":true}]}}