{"id":64,"date":"2018-11-30T00:00:00","date_gmt":"2018-11-29T23:00:00","guid":{"rendered":"http:\/\/dpgsa.bplaced.net\/Wordpress\/wordpress\/?page_id=64"},"modified":"2026-02-23T13:53:00","modified_gmt":"2026-02-23T12:53:00","slug":"vorstand","status":"publish","type":"page","link":"https:\/\/www.dpg-sachsen-anhalt.de\/?page_id=64","title":{"rendered":"Der Vorstand"},"content":{"rendered":"\n<h2 class=\"wp-block-heading\">Die Vorstandsmitglieder<\/h2>\n\n\n\n<p class=\"has-text-color\" style=\"color:#ffffff\">_____________________ ________________________ <\/p>\n\n\n\n<p class=\"has-text-align-center\">Krzysztof Blau, 1. Vorsitzender<br>+49 (0) 391 5371 353<br>mail@dpg-sachsen-anhalt.de<\/p>\n\n\n\n<p><\/p>\n\n\n\n<p class=\"has-text-align-center\">Wili M\u00fcller, 2. Vorsitzender<br>+49 (0) 391 5371 353<br>mail@dpg-sachsen-anhalt.de<\/p>\n\n\n\n<p><\/p>\n\n\n\n<p class=\"has-text-align-center\"> Katrin Sch\u00e4fer, Schatzmeisterin<br>+49 (0) 391 5371 353<br>mail@dpg-sachsen-anhalt.de <\/p>\n\n\n\n<p><\/p>\n\n\n\n<p class=\"has-text-align-center\">Miroslawa T\u00e4nzer, Beisitzerin<br>+49 (0) 391 5371 353<br>mail@dpg-sachsen-anhalt.de<\/p>\n\n\n\n<p><\/p>\n\n\n\n<p class=\"has-text-align-center\">Veronika Hantschmann, Beisitzerin<br>+49 (0) 391 25 22 758<br>mail@dpg-sachsen-anhalt.de<\/p>\n\n\n\n<p><\/p>\n\n\n\n<p class=\"has-text-align-center\">Dr. Edward Sulek, Beisitzer<br>+49 (0) 151 538 143 44<br>mail@dpg-sachsen-anhalt.de<\/p>\n\n\n\n<p><\/p>\n\n\n\n<p class=\"has-text-align-center\">Izabela Peter, Beisitzerin<br>+49 (0) 391 258 95 93<br>mail@dpg-sachsen-anhalt.de<\/p>\n\n\n\n<p><\/p>\n\n\n\n<p class=\"has-text-align-center\">Friederike Lippold, Beisitzerin<br>+49 (0) 345 2127 431<br>mail@dpg-sachsen-anhalt.de<\/p>\n\n\n\n<p><\/p>\n","protected":false},"excerpt":{"rendered":"<p>Die Vorstandsmitglieder _____________________ ________________________ Krzysztof Blau, 1. Vorsitzender+49 (0) 391 5371 353mail@dpg-sachsen-anhalt.de Wili M\u00fcller, 2. Vorsitzender+49 (0) 391 5371 353mail@dpg-sachsen-anhalt.de Katrin Sch\u00e4fer, Schatzmeisterin+49 (0) 391 5371 353mail@dpg-sachsen-anhalt.de Miroslawa T\u00e4nzer, Beisitzerin+49 (0) 391 5371 353mail@dpg-sachsen-anhalt.de Veronika Hantschmann, Beisitzerin+49 (0) 391 25 22 758mail@dpg-sachsen-anhalt.de Dr. Edward Sulek, Beisitzer+49 (0) 151 538 143 44mail@dpg-sachsen-anhalt.de Izabela Peter, Beisitzerin+49 (0) &hellip; <\/p>\n<p class=\"link-more\"><a href=\"https:\/\/www.dpg-sachsen-anhalt.de\/?page_id=64\" class=\"more-link\"><span class=\"screen-reader-text\">\u201eDer Vorstand\u201c<\/span> weiterlesen<\/a><\/p>\n","protected":false},"author":1,"featured_media":0,"parent":63,"menu_order":0,"comment_status":"closed","ping_status":"closed","template":"","meta":{"footnotes":""},"class_list":["post-64","page","type-page","status-publish","hentry"],"_links":{"self":[{"href":"https:\/\/www.dpg-sachsen-anhalt.de\/index.php?rest_route=\/wp\/v2\/pages\/64","targetHints":{"allow":["GET"]}}],"collection":[{"href":"https:\/\/www.dpg-sachsen-anhalt.de\/index.php?rest_route=\/wp\/v2\/pages"}],"about":[{"href":"https:\/\/www.dpg-sachsen-anhalt.de\/index.php?rest_route=\/wp\/v2\/types\/page"}],"author":[{"embeddable":true,"href":"https:\/\/www.dpg-sachsen-anhalt.de\/index.php?rest_route=\/wp\/v2\/users\/1"}],"replies":[{"embeddable":true,"href":"https:\/\/www.dpg-sachsen-anhalt.de\/index.php?rest_route=%2Fwp%2Fv2%2Fcomments&post=64"}],"version-history":[{"count":11,"href":"https:\/\/www.dpg-sachsen-anhalt.de\/index.php?rest_route=\/wp\/v2\/pages\/64\/revisions"}],"predecessor-version":[{"id":2343,"href":"https:\/\/www.dpg-sachsen-anhalt.de\/index.php?rest_route=\/wp\/v2\/pages\/64\/revisions\/2343"}],"up":[{"embeddable":true,"href":"https:\/\/www.dpg-sachsen-anhalt.de\/index.php?rest_route=\/wp\/v2\/pages\/63"}],"wp:attachment":[{"href":"https:\/\/www.dpg-sachsen-anhalt.de\/index.php?rest_route=%2Fwp%2Fv2%2Fmedia&parent=64"}],"curies":[{"name":"wp","href":"https:\/\/api.w.org\/{rel}","templated":true}]}}