{"id":72,"date":"2019-03-27T11:08:44","date_gmt":"2019-03-27T10:08:44","guid":{"rendered":"http:\/\/dpgsa.bplaced.net\/Wordpress\/wordpress\/?page_id=72"},"modified":"2019-05-08T10:54:07","modified_gmt":"2019-05-08T08:54:07","slug":"projekte","status":"publish","type":"page","link":"https:\/\/www.dpg-sachsen-anhalt.de\/?page_id=72","title":{"rendered":"Projekte"},"content":{"rendered":"\n<p class=\"has-medium-font-size\">Hier pr\u00e4sentieren wir Ihnen eine \u00dcbersicht an durchgef\u00fchrten Projekten der Deutsch-Polnischen Gesellschaft Sachsen-Anhalt e.V.<\/p>\n\n\n\n<p>Wir m\u00f6chten zeigen, welche Vielfalt die deutsch-polnische Zusammenarbeit bietet. Die durchgef\u00fchrten Projekte k\u00f6nnen dazu als Inspiration dienen. Wir stehen mit unserer Erfahrung als Ansprechpartner f\u00fcr folgende Fragen zur Verf\u00fcgung:<\/p>\n\n\n\n<ul class=\"wp-block-list\"><li>Sie sind auch im deutsch-polnischen Umfeld t\u00e4tig und w\u00fcrden gerne mehr wissen, wie man bestimmte Veranstaltungen organisiert und durchf\u00fchrt?<\/li><li>Sie haben eine Idee f\u00fcr ein Projekt und suchen einen Partner, der dies gemeinsam mit Ihnen realisiert?<\/li><li>Sie w\u00fcrden gerne mehr \u00fcber kommende Projekte erfahren, um dort als Institution, Unternehmen oder Privatperson mitzuwirken?<\/li><\/ul>\n\n\n\n<p>Schreiben Sie uns eine E-Mail an <a href=\"mailto:mail@dpg-sachsen-anhalt.de?subject=Projekte\">mail@dpg-sachsen-anhalt.de<\/a> oder nehmen Sie per Post oder Telefon mit uns <a href=\"..\/..\/kontakt\/index.html\">Kontakt<\/a> auf!<\/p>\n\n\n<ul class=\"wp-block-latest-posts__list wp-block-latest-posts\"><\/ul>\n\n\n<p>Hier finden Sie Beitr\u00e4ge zu \u00e4lteren Projekten auf unserer Vorg\u00e4ngerseite:<br>-&gt; <a rel=\"noreferrer noopener\" aria-label=\"Kultura Polska (opens in a new tab)\" href=\"http:\/\/dpgsa.bplaced.net\/archiv\/dpgsa\/md_projekte\/md_kultura_polska_allgemein\/index.html\" target=\"_blank\">Kultura Polska<\/a><br>-&gt; <a rel=\"noreferrer noopener\" aria-label=\"Kultura Polska 2015  (opens in a new tab)\" href=\"http:\/\/dpgsa.bplaced.net\/archiv\/dpgsa\/md_projekte\/md_kultura_polska_2015\/index.html\" target=\"_blank\">Kultura Polska 2015 <\/a><br>-&gt; <a rel=\"noreferrer noopener\" aria-label=\"Kultura Polska 2014 (opens in a new tab)\" href=\"http:\/\/dpgsa.bplaced.net\/archiv\/dpgsa\/md_projekte\/md_kultura_polska_2014\/index.html\" target=\"_blank\">Kultura Polska 2014<\/a><br>-&gt; <a rel=\"noreferrer noopener\" aria-label=\"Kultura Polska 2013 (opens in a new tab)\" href=\"http:\/\/dpgsa.bplaced.net\/archiv\/dpgsa\/md_projekte\/md_kultura_polska_2013gut\/index.html\" target=\"_blank\">Kultura Polska 2013<\/a><br>-&gt; <a rel=\"noreferrer noopener\" aria-label=\"Kultura Polska 2012 (opens in a new tab)\" href=\"http:\/\/dpgsa.bplaced.net\/archiv\/dpgsa\/md_projekte\/md_kultura_polska\/index.html\" target=\"_blank\">Kultura Polska 2012<\/a><br>-&gt; <a rel=\"noreferrer noopener\" aria-label=\"Dzien Polski (opens in a new tab)\" href=\"http:\/\/dpgsa.bplaced.net\/archiv\/dpgsa\/md_projekte\/md_dzien_polski\/index.html\" target=\"_blank\">Dzien Polski<\/a><br>-&gt; <a rel=\"noreferrer noopener\" aria-label=\"Chopin - Tage (opens in a new tab)\" href=\"http:\/\/dpgsa.bplaced.net\/archiv\/dpgsa\/md_projekte\/md_chopin\/index.html\" target=\"_blank\">Chopin &#8211; Tage<\/a><br>-&gt;  <a rel=\"noreferrer noopener\" aria-label=\"Marschall Pi\u0142sudski (opens in a new tab)\" href=\"http:\/\/dpgsa.bplaced.net\/archiv\/dpgsa\/md_projekte\/md_marschall\/index.html\" target=\"_blank\">Marschall Pi\u0142sudski<\/a><br>-&gt; <a rel=\"noreferrer noopener\" aria-label=\"Kinder (opens in a new tab)\" href=\"http:\/\/dpgsa.bplaced.net\/archiv\/dpgsa\/md_projekte\/md_kinder\/index.html\" target=\"_blank\">Kinder<\/a><br>-&gt; <a rel=\"noreferrer noopener\" aria-label=\"Polnischunterricht (opens in a new tab)\" href=\"http:\/\/dpgsa.bplaced.net\/archiv\/dpgsa\/md_projekte\/md_polnischunterricht\/index.html\" target=\"_blank\">Polnischunterricht<\/a><br>-&gt; <a rel=\"noreferrer noopener\" aria-label=\"Polnische Tage (opens in a new tab)\" href=\"http:\/\/dpgsa.bplaced.net\/archiv\/dpgsa\/md_projekte\/md_polnische_tage_in_sa\/index.html\" target=\"_blank\">Polnische Tage<\/a><br>-&gt; <a rel=\"noreferrer noopener\" aria-label=\"Europawoche (opens in a new tab)\" href=\"http:\/\/dpgsa.bplaced.net\/archiv\/dpgsa\/md_projekte\/md_europawoche\/index.html\" target=\"_blank\">Europawoche<\/a><br>-&gt; <a rel=\"noreferrer noopener\" aria-label=\"Bundeskongress (opens in a new tab)\" href=\"http:\/\/dpgsa.bplaced.net\/archiv\/dpgsa\/md_projekte\/md_bundeskongress\/index.html\" target=\"_blank\">Bundeskongress<\/a><br>-&gt; <a rel=\"noreferrer noopener\" aria-label=\"Deutsch-Polnisches Jahr 2005\/2006 (opens in a new tab)\" href=\"http:\/\/dpgsa.bplaced.net\/archiv\/dpgsa\/md_projekte\/md_deutsch_polnisches_jahr_2005_2006\/index.html\" target=\"_blank\">Deutsch-Polnisches Jahr 2005\/2006<\/a><br>-&gt; <a rel=\"noreferrer noopener\" aria-label=\"Magdeburger Stadtrecht (opens in a new tab)\" href=\"http:\/\/dpgsa.bplaced.net\/archiv\/dpgsa\/md_projekte\/md_magdeburger_stadtrecht\/index.html\" target=\"_blank\">Magdeburger Stadtrecht<\/a><br>-&gt; <a rel=\"noreferrer noopener\" aria-label=\"Deutsch-Polnische Gespr\u00e4che  (opens in a new tab)\" href=\"http:\/\/dpgsa.bplaced.net\/archiv\/dpgsa\/md_projekte\/md_deutsch_polnische_gespraeche_2003\/index.html\" target=\"_blank\">Deutsch-Polnische Gespr\u00e4che <\/a><\/p>\n","protected":false},"excerpt":{"rendered":"<p>Hier pr\u00e4sentieren wir Ihnen eine \u00dcbersicht an durchgef\u00fchrten Projekten der Deutsch-Polnischen Gesellschaft Sachsen-Anhalt e.V. Wir m\u00f6chten zeigen, welche Vielfalt die deutsch-polnische Zusammenarbeit bietet. Die durchgef\u00fchrten Projekte k\u00f6nnen dazu als Inspiration dienen. Wir stehen mit unserer Erfahrung als Ansprechpartner f\u00fcr folgende Fragen zur Verf\u00fcgung: Sie sind auch im deutsch-polnischen Umfeld t\u00e4tig und w\u00fcrden gerne mehr wissen, &hellip; <\/p>\n<p class=\"link-more\"><a href=\"https:\/\/www.dpg-sachsen-anhalt.de\/?page_id=72\" class=\"more-link\"><span class=\"screen-reader-text\">\u201eProjekte\u201c<\/span> weiterlesen<\/a><\/p>\n","protected":false},"author":1,"featured_media":0,"parent":0,"menu_order":0,"comment_status":"closed","ping_status":"closed","template":"","meta":{"footnotes":""},"class_list":["post-72","page","type-page","status-publish","hentry"],"_links":{"self":[{"href":"https:\/\/www.dpg-sachsen-anhalt.de\/index.php?rest_route=\/wp\/v2\/pages\/72","targetHints":{"allow":["GET"]}}],"collection":[{"href":"https:\/\/www.dpg-sachsen-anhalt.de\/index.php?rest_route=\/wp\/v2\/pages"}],"about":[{"href":"https:\/\/www.dpg-sachsen-anhalt.de\/index.php?rest_route=\/wp\/v2\/types\/page"}],"author":[{"embeddable":true,"href":"https:\/\/www.dpg-sachsen-anhalt.de\/index.php?rest_route=\/wp\/v2\/users\/1"}],"replies":[{"embeddable":true,"href":"https:\/\/www.dpg-sachsen-anhalt.de\/index.php?rest_route=%2Fwp%2Fv2%2Fcomments&post=72"}],"version-history":[{"count":8,"href":"https:\/\/www.dpg-sachsen-anhalt.de\/index.php?rest_route=\/wp\/v2\/pages\/72\/revisions"}],"predecessor-version":[{"id":492,"href":"https:\/\/www.dpg-sachsen-anhalt.de\/index.php?rest_route=\/wp\/v2\/pages\/72\/revisions\/492"}],"wp:attachment":[{"href":"https:\/\/www.dpg-sachsen-anhalt.de\/index.php?rest_route=%2Fwp%2Fv2%2Fmedia&parent=72"}],"curies":[{"name":"wp","href":"https:\/\/api.w.org\/{rel}","templated":true}]}}