{"id":739,"date":"2020-01-06T01:19:25","date_gmt":"2020-01-06T00:19:25","guid":{"rendered":"https:\/\/www.dpg-sachsen-anhalt.de\/?page_id=739"},"modified":"2020-01-06T01:24:21","modified_gmt":"2020-01-06T00:24:21","slug":"witamy-2","status":"publish","type":"page","link":"https:\/\/www.dpg-sachsen-anhalt.de\/?page_id=739&lang=pl","title":{"rendered":"Witamy"},"content":{"rendered":"\n<div class=\"wp-block-image\"><figure class=\"aligncenter\"><img decoding=\"async\" src=\"http:\/\/dpgsa.bplaced.net\/Wordpress\/wordpress\/wp-content\/uploads\/uploads_alt\/pic_791908_full.jpg\" alt=\"Willkommen\"\/><\/figure><\/div>\n\n\n\n<p> Niemiecko-Polskie Towarzystwo Saksonii-Anhalt jest stowarzyszeniem u\u017cyteczno\u015bci publicznej, kt\u00f3re dzia\u0142a na rzecz lepszego porozumienia miedzy Niemcami, a Polsk\u0105 oraz poszerzaniu wiedzy w Saksonii-Anhalt na temat Polski jako kraju s\u0105siedniego. <\/p>\n\n\n\n<p> Nasze stowarzyszenie dzia\u0142a na rzecz krzewienia kultury i tradycji polskich, propagowania dobrego wizerunku Polski w Niemczech oraz nauki j\u0119zyka polskiego w Saksonii \u2013 Anhalt. <\/p>\n\n\n\n<p> Ponadto stanowimy punkt konta <\/p>\n\n\n\n<h2 class=\"wp-block-heading\">Willkommen<\/h2>\n\n\n\n<p> Die Deutsch-Polnische Gesellschaft Sachsen-Anhalt e.V. ist ein gemeinn\u00fctziger Verein, der sich aktiv f\u00fcr eine bessere Verst\u00e4ndigung zwischen Deutschen und Polen und f\u00fcr mehr Kenntnisse \u00fcber das Nachbarland Polen in Sachsen-Anhalt engagiert. <\/p>\n\n\n\n<p> In unserer Arbeit versuchen wir durch verschiedene Aktivit\u00e4ten das Wissen \u00fcber das Land Polen , seine Traditionen, Kultur und Sprache zu vermitteln. <\/p>\n\n\n\n<p> Au\u00dferdem sind wir eine Informationskontaktstelle f\u00fcr polnische B\u00fcrger in Sachsen \u2013 Anhalt. Sie dient als Anlauf- und Informationsstelle und bietet Unterst\u00fctzung in allen Fragen des t\u00e4glichen Lebens f\u00fcr \u201eNeub\u00fcrger\u201c aus Polen in Sachsen \u2013 Anhalt. <\/p>\n","protected":false},"excerpt":{"rendered":"<p>Niemiecko-Polskie Towarzystwo Saksonii-Anhalt jest stowarzyszeniem u\u017cyteczno\u015bci publicznej, kt\u00f3re dzia\u0142a na rzecz lepszego porozumienia miedzy Niemcami, a Polsk\u0105 oraz poszerzaniu wiedzy w Saksonii-Anhalt na temat Polski jako kraju s\u0105siedniego. Nasze stowarzyszenie dzia\u0142a na rzecz krzewienia kultury i tradycji polskich, propagowania dobrego wizerunku Polski w Niemczech oraz nauki j\u0119zyka polskiego w Saksonii \u2013 Anhalt. Ponadto stanowimy punkt &hellip; <\/p>\n<p class=\"link-more\"><a href=\"https:\/\/www.dpg-sachsen-anhalt.de\/?page_id=739&#038;lang=pl\" class=\"more-link\"><span class=\"screen-reader-text\">\u201eWitamy\u201c<\/span> weiterlesen<\/a><\/p>\n","protected":false},"author":1,"featured_media":184,"parent":0,"menu_order":0,"comment_status":"closed","ping_status":"closed","template":"","meta":{"footnotes":""},"class_list":["post-739","page","type-page","status-publish","has-post-thumbnail","hentry"],"_links":{"self":[{"href":"https:\/\/www.dpg-sachsen-anhalt.de\/index.php?rest_route=\/wp\/v2\/pages\/739","targetHints":{"allow":["GET"]}}],"collection":[{"href":"https:\/\/www.dpg-sachsen-anhalt.de\/index.php?rest_route=\/wp\/v2\/pages"}],"about":[{"href":"https:\/\/www.dpg-sachsen-anhalt.de\/index.php?rest_route=\/wp\/v2\/types\/page"}],"author":[{"embeddable":true,"href":"https:\/\/www.dpg-sachsen-anhalt.de\/index.php?rest_route=\/wp\/v2\/users\/1"}],"replies":[{"embeddable":true,"href":"https:\/\/www.dpg-sachsen-anhalt.de\/index.php?rest_route=%2Fwp%2Fv2%2Fcomments&post=739"}],"version-history":[{"count":2,"href":"https:\/\/www.dpg-sachsen-anhalt.de\/index.php?rest_route=\/wp\/v2\/pages\/739\/revisions"}],"predecessor-version":[{"id":742,"href":"https:\/\/www.dpg-sachsen-anhalt.de\/index.php?rest_route=\/wp\/v2\/pages\/739\/revisions\/742"}],"wp:featuredmedia":[{"embeddable":true,"href":"https:\/\/www.dpg-sachsen-anhalt.de\/index.php?rest_route=\/wp\/v2\/media\/184"}],"wp:attachment":[{"href":"https:\/\/www.dpg-sachsen-anhalt.de\/index.php?rest_route=%2Fwp%2Fv2%2Fmedia&parent=739"}],"curies":[{"name":"wp","href":"https:\/\/api.w.org\/{rel}","templated":true}]}}